{"id":661,"date":"2015-12-07T22:50:06","date_gmt":"2015-12-08T01:50:06","guid":{"rendered":"http:\/\/bmxsanjuan.com.ar\/wordpress\/?page_id=661"},"modified":"2015-12-08T10:19:09","modified_gmt":"2015-12-08T13:19:09","slug":"ciudad-para-descubrir","status":"publish","type":"page","link":"https:\/\/bmxsanjuan.com.ar\/wordpress\/ciudad-para-descubrir\/","title":{"rendered":"Ciudad para Descubrir"},"content":{"rendered":"<figure id=\"attachment_663\" class=\"thumbnail wp-caption alignleft\" style=\"width: 106px\"><a href=\"http:\/\/bmxsanjuan.com.ar\/wordpress\/wp-content\/uploads\/2015\/12\/image014.jpg\" data-rel=\"lightbox\"><img decoding=\"async\" loading=\"lazy\" class=\"size-full wp-image-663\" src=\"http:\/\/bmxsanjuan.com.ar\/wordpress\/wp-content\/uploads\/2015\/12\/image014.jpg\" alt=\"Plaza 25 de Mayo\" width=\"106\" height=\"148\" \/><\/a><figcaption class=\"caption wp-caption-text\"><span style=\"color: #008000; font-size: 8pt;\">Plaza 25 de Mayo<\/span><\/figcaption><\/figure>\n<p style=\"text-align: justify;\">Comenzaremos\u00a0 a describirle los alrededores de la ciudad \u00a0y sus atractivos. Desde la Plaza 25 de Mayo,\u00a0nuestra plaza principal ya que alrededor de ella se encuentran numerosos comercios, bancos, hoteles, confiter\u00edas, donde se desarrolla una intensa actividad.<\/p>\n<figure id=\"attachment_664\" class=\"thumbnail wp-caption alignright\" style=\"width: 103px\"><a href=\"http:\/\/bmxsanjuan.com.ar\/wordpress\/wp-content\/uploads\/2015\/12\/image0161.jpg\" data-rel=\"lightbox\"><img decoding=\"async\" loading=\"lazy\" class=\"size-full wp-image-664\" src=\"http:\/\/bmxsanjuan.com.ar\/wordpress\/wp-content\/uploads\/2015\/12\/image0161.jpg\" alt=\"Catedral\" width=\"103\" height=\"115\" \/><\/a><figcaption class=\"caption wp-caption-text\"><span style=\"color: #008000; font-size: 8pt;\">Catedral<\/span><\/figcaption><\/figure>\n<p style=\"text-align: justify;\">Frente\u00a0 a ella, se encuentra la Iglesia Catedral, con un estilo moderno y simple, que fue habilitada el 16 de diciembre de 1979.\u00a0 All\u00ed se encuentra la cripta d\u00f3nde descansan los restos de Fray Justo Santa Maria de Oro. Tambi\u00e9n\u00a0 resulta muy interesante\u00a0 la visita al campanil, desde\u00a0 d\u00f3nde se puede apreciar, con una hermosa vista panor\u00e1mica, la ciudad\u00a0 hacia los cuatro puntos cardinales.<\/p>\n<p>&nbsp;<\/p>\n<div class=\"hrule clearfix\"><\/div>\n<figure id=\"attachment_669\" class=\"thumbnail wp-caption alignleft\" style=\"width: 232px\"><a href=\"http:\/\/bmxsanjuan.com.ar\/wordpress\/wp-content\/uploads\/2015\/12\/image012.jpg\" data-rel=\"lightbox\"><img decoding=\"async\" loading=\"lazy\" class=\"size-full wp-image-669\" src=\"http:\/\/bmxsanjuan.com.ar\/wordpress\/wp-content\/uploads\/2015\/12\/image012.jpg\" alt=\"Auditorio Juan Victoria\" width=\"232\" height=\"162\" \/><\/a><figcaption class=\"caption wp-caption-text\"><span style=\"font-size: 8pt; color: #008000;\">Auditorio Juan Victoria<\/span><\/figcaption><\/figure>\n<p style=\"text-align: justify;\">En las inmediaciones del Parque de Mayo, se encuentra el AUDITORIO JUAN VICTORIA,\u00a0 construcci\u00f3n arquitect\u00f3nica\u00a0 en la que funciona la Escuela de M\u00fasica, la Sala de Exposiciones y el Auditorio que cuenta con un \u00f3rgano que posee 3.565 tubos y 61 registros, que fue construido en Alemania, con materiales especiales para la zona..<\/p>\n<p style=\"text-align: justify;\">Esta obra es un orgullo para\u00a0 los sanjuaninos.\u00a0 En los jardines aleda\u00f1os al Auditorio, se encuentra un Anfiteatro al aire libre, con capacidad para 600 personas. Luego amigos de BMXSANJUAN, les\u00a0 daremos informaci\u00f3n sobre los Museos que tiene nuestra hermosa provincia.<\/p>\n<p>&nbsp;<\/p>\n<div class=\"hrule clearfix\"><\/div>\n<p><span style=\"font-size: 14pt; color: #0000ff;\">PARQUE DE MAYO<\/span><\/p>\n<p style=\"text-align: justify;\">\u00a0Cuando est\u00e9n en nuestra provincia, no pueden dejar de visitar este hermoso Parque que se encuentra muy cerca de nuestra plaza principal.<\/p>\n<figure id=\"attachment_670\" class=\"thumbnail wp-caption aligncenter\" style=\"width: 203px\"><a href=\"http:\/\/bmxsanjuan.com.ar\/wordpress\/wp-content\/uploads\/2015\/12\/image017.jpg\" data-rel=\"lightbox\"><img decoding=\"async\" loading=\"lazy\" class=\"wp-image-670 size-full\" src=\"http:\/\/bmxsanjuan.com.ar\/wordpress\/wp-content\/uploads\/2015\/12\/image017.jpg\" alt=\"image017\" width=\"203\" height=\"143\" \/><\/a><figcaption class=\"caption wp-caption-text\"><span style=\"font-size: 8pt; color: #008080;\">Plaza Julieta Sarmiento<\/span><\/figcaption><\/figure>\n<figure id=\"attachment_671\" class=\"thumbnail wp-caption alignright\" style=\"width: 271px\"><a href=\"http:\/\/bmxsanjuan.com.ar\/wordpress\/wp-content\/uploads\/2015\/12\/image021.jpg\" data-rel=\"lightbox\"><img decoding=\"async\" loading=\"lazy\" class=\"size-full wp-image-671\" src=\"http:\/\/bmxsanjuan.com.ar\/wordpress\/wp-content\/uploads\/2015\/12\/image021.jpg\" alt=\"Parque\" width=\"271\" height=\"182\" \/><\/a><figcaption class=\"caption wp-caption-text\"><span style=\"font-size: 8pt; color: #008000;\">Parque<\/span><\/figcaption><\/figure>\n<figure id=\"attachment_672\" class=\"thumbnail wp-caption alignleft\" style=\"width: 167px\"><a href=\"http:\/\/bmxsanjuan.com.ar\/wordpress\/wp-content\/uploads\/2015\/12\/image023.jpg\" data-rel=\"lightbox\"><img decoding=\"async\" loading=\"lazy\" class=\"size-full wp-image-672\" src=\"http:\/\/bmxsanjuan.com.ar\/wordpress\/wp-content\/uploads\/2015\/12\/image023.jpg\" alt=\"Parque\" width=\"167\" height=\"254\" \/><\/a><figcaption class=\"caption wp-caption-text\"><span style=\"font-size: 8pt; color: #008000;\">Parque<\/span><\/figcaption><\/figure>\n<p style=\"text-align: justify;\">El Parque es el lugar donde se celebra la Fiesta Nacional del Sol. Es una exposici\u00f3n en que se realiza la promoci\u00f3n, degustaci\u00f3n y venta de todo tipo de productos y donde intervienen expositores de otras provincias argentinas y pa\u00edses.<\/p>\n<p style=\"text-align: justify;\">En ella se presentan, adem\u00e1s, espect\u00e1culos art\u00edsticos de gran atractivo para los visitantes que en gran n\u00famero llegan desde todos los lugares de Argentina y el extranjero<\/p>\n<p style=\"text-align: justify;\">En las inmediaciones del Parque se encuentra el Estadio donde se disputar\u00e1 el Campeonato del<\/p>\n<figure id=\"attachment_674\" class=\"thumbnail wp-caption alignright\" style=\"width: 180px\"><a href=\"http:\/\/bmxsanjuan.com.ar\/wordpress\/wp-content\/uploads\/2015\/12\/image019.jpg\" data-rel=\"lightbox\"><img decoding=\"async\" loading=\"lazy\" class=\" wp-image-674\" src=\"http:\/\/bmxsanjuan.com.ar\/wordpress\/wp-content\/uploads\/2015\/12\/image019.jpg\" alt=\"Centro de convenciones\" width=\"180\" height=\"129\" \/><\/a><figcaption class=\"caption wp-caption-text\"><span style=\"font-size: 8pt; color: #008000;\">Centro de Convenciones<\/span><\/figcaption><\/figure>\n<p style=\"text-align: justify;\">Mundo de Hockey sobre Patines y el Centro de Convenciones con capacidad para mas de 600 personas y la mas avanzada tecnolog\u00eda.<br \/>\nTambi\u00e9n en el Parque podr\u00e1 encontrar una feria permanente de artesan\u00eda y productos regionales. \u00a1No te lo pierdas!.<\/p>\n<h3><span style=\"font-size: 10pt;\"><div class=\"hrule clearfix\"><\/div><\/span><\/h3>\n<figure id=\"attachment_685\" class=\"thumbnail wp-caption alignleft\" style=\"width: 259px\"><a href=\"http:\/\/bmxsanjuan.com.ar\/wordpress\/wp-content\/uploads\/2015\/12\/CENTRO-CIVICO.jpg\" data-rel=\"lightbox\"><img decoding=\"async\" loading=\"lazy\" class=\"size-full wp-image-685\" src=\"http:\/\/bmxsanjuan.com.ar\/wordpress\/wp-content\/uploads\/2015\/12\/CENTRO-CIVICO.jpg\" alt=\"Centro C\u00edvico\" width=\"259\" height=\"194\" \/><\/a><figcaption class=\"caption wp-caption-text\"><span style=\"font-size: 8pt; color: #008000;\">Centro C\u00edvico<\/span><\/figcaption><\/figure>\n<p>&nbsp;<\/p>\n<p>&nbsp;<\/p>\n<p>Tambi\u00e9n, frente al parque, se encuentra la Legislatura Provincial y el Centro C\u00edvico que es un complejo edificio que concentra gran parte de las oficinas p\u00fablicas. Es un moderno edificio que fue inaugurado en abril de 2009, donde trabajan m\u00e1s de 2000 personas y m\u00e1s de 10.000 lo visitan diariamente.<\/p>\n<p>&nbsp;<\/p>\n<p>&nbsp;<\/p>\n<p>&nbsp;<\/p>\n<div class=\"hrule clearfix\"><\/div>\n<p><span style=\"color: #0000ff;\"><strong><span style=\"font-size: 14pt;\">DIQUE DE ULLUM<\/span><\/strong><\/span><\/p>\n<table style=\"height: 96px;\" width=\"269\">\n<tbody>\n<tr>\n<td width=\"61\"><span style=\"text-decoration: underline;\"><strong>Distancia<\/strong><\/span><\/td>\n<td width=\"49\"><span style=\"text-decoration: underline;\"><strong>Tiempo<\/strong><\/span><\/td>\n<td width=\"91\"><span style=\"text-decoration: underline;\"><strong>Altura (s.n.m.)<\/strong><\/span><\/td>\n<\/tr>\n<tr>\n<td><span style=\"color: #ff0000;\">24 Kms<\/span><\/td>\n<td><span style=\"color: #ff0000;\">15 min<\/span><\/td>\n<td><span style=\"color: #ff0000;\">750 mts<\/span><\/td>\n<\/tr>\n<\/tbody>\n<\/table>\n<div><\/div>\n<div style=\"text-align: justify;\">\n<figure id=\"attachment_676\" class=\"thumbnail wp-caption alignleft\" style=\"width: 232px\"><a href=\"http:\/\/bmxsanjuan.com.ar\/wordpress\/wp-content\/uploads\/2015\/12\/image029.jpg\" data-rel=\"lightbox\"><img decoding=\"async\" loading=\"lazy\" class=\"size-full wp-image-676\" src=\"http:\/\/bmxsanjuan.com.ar\/wordpress\/wp-content\/uploads\/2015\/12\/image029.jpg\" alt=\"Dique de Ullum\" width=\"232\" height=\"147\" srcset=\"https:\/\/bmxsanjuan.com.ar\/wordpress\/wp-content\/uploads\/2015\/12\/image029.jpg 232w, https:\/\/bmxsanjuan.com.ar\/wordpress\/wp-content\/uploads\/2015\/12\/image029-80x50.jpg 80w\" sizes=\"(max-width: 232px) 100vw, 232px\" \/><\/a><figcaption class=\"caption wp-caption-text\"><span style=\"font-size: 8pt; color: #008000;\">Dique de Ullum<\/span><\/figcaption><\/figure>\n<p>Es el lugar obligado de los sanjuaninos, para la pr\u00e1ctica de la pesca y los deportes n\u00e1uticos. Esta obra adem\u00e1s de regular los caudales para riego y generar energ\u00eda, se ha convertido en un espacio propicio para el desarrollo tur\u00edstico. En sus alrededores se encuentran diversos clubes algunos de los cuales son: Complejo Deportivo de la UNSJ, Club de Caza y Pesca, Club Sanjuanino de Vela y Remo, Club N\u00e1utico Ullum, Bah\u00eda de las Tablas, Caba\u00f1as. Tambi\u00e9n hay alquiler de motos n\u00e1uticas, caballos, y elementos de pesca. Ampliaremos ya que tenemos otros diques tan hermosos como este.<\/p>\n<\/div>\n<div><\/div>\n<div><\/div>\n<div>\u00a0<div class=\"hrule clearfix\"><\/div><\/div>\n<p><strong><span style=\"color: #0000ff;\"><span lang=\"ES\" style=\"font-size: 14pt;\">PARQUE FEDERICO CANTONI<\/span><\/span><\/strong><\/p>\n<p>&nbsp;<\/p>\n<table style=\"height: 123px;\" width=\"286\">\n<tbody>\n<tr>\n<td width=\"80\"><span style=\"text-decoration: underline;\"><strong>Distancia<\/strong><\/span><\/td>\n<td width=\"80\"><span style=\"text-decoration: underline;\"><strong>Tiempo<\/strong><\/span><\/td>\n<td width=\"91\"><span style=\"text-decoration: underline;\"><strong>Altura (s.n.m.)<\/strong><\/span><\/td>\n<\/tr>\n<tr>\n<td><span style=\"color: #ff0000;\">15km<\/span><\/td>\n<td><span style=\"color: #ff0000;\">15min<\/span><\/td>\n<td><span style=\"color: #ff0000;\">690mts<\/span><\/td>\n<\/tr>\n<\/tbody>\n<\/table>\n<p>&nbsp;<\/p>\n<figure id=\"attachment_678\" class=\"thumbnail wp-caption alignleft\" style=\"width: 228px\"><a href=\"http:\/\/bmxsanjuan.com.ar\/wordpress\/wp-content\/uploads\/2015\/12\/image025.jpg\" data-rel=\"lightbox\"><img decoding=\"async\" loading=\"lazy\" class=\"size-full wp-image-678\" src=\"http:\/\/bmxsanjuan.com.ar\/wordpress\/wp-content\/uploads\/2015\/12\/image025.jpg\" alt=\"Aut\u00f3dromo El Zonda\" width=\"228\" height=\"147\" \/><\/a><figcaption class=\"caption wp-caption-text\"><span style=\"font-size: 8pt; color: #008000;\">Aut\u00f3dromo El Zonda<\/span><\/figcaption><\/figure>\n<p style=\"text-align: justify;\">En este Parque,\u00a0 podemos encontrar el Balneario, el Camping Municipal, el Jard\u00edn de los Poetas y el Aut\u00f3dromo. En \u00e9ste Jard\u00edn, se puede apreciar subiendo por una escalinata que trepa hasta una altura de 70mts, aproximadamente, el Escudo Provincial, formado\u00a0 por especies ex\u00f3ticas de \u00e1rboles y arbustos y a la vera de los paseos internos del Escudo se alinean las estatuas de grandes poetas argentinos, formando as\u00ed el conocido Jard\u00edn de los Poetas.<\/p>\n<figure id=\"attachment_679\" class=\"thumbnail wp-caption alignright\" style=\"width: 270px\"><a href=\"http:\/\/bmxsanjuan.com.ar\/wordpress\/wp-content\/uploads\/2015\/12\/image027.jpg\" data-rel=\"lightbox\"><img decoding=\"async\" loading=\"lazy\" class=\"size-full wp-image-679\" src=\"http:\/\/bmxsanjuan.com.ar\/wordpress\/wp-content\/uploads\/2015\/12\/image027.jpg\" alt=\"Aut\u00f3dromo El Zonda\" width=\"270\" height=\"180\" \/><\/a><figcaption class=\"caption wp-caption-text\"><span style=\"color: #008000;\"><span style=\"font-size: 8pt;\">Aut\u00f3dromo El Zonda<\/span><\/span><\/figcaption><\/figure>\n<p style=\"text-align: justify;\">Con respecto al Aut\u00f3dromo de Zonda, est\u00e1 emplazado en la quebrada hom\u00f3nima y tiene una extensi\u00f3n de 3.230 mts, y en su forma destaca un cruce a diferentes niveles\u00a0 conformando una figura muy peculiar, en forma de &#8220;rulo&#8221;. En \u00e9ste Aut\u00f3dromo se realizan\u00a0 carreras de TC 2000 y otras categor\u00edas. Complementa esta infraestructura un Kart\u00f3dromo.<\/p>\n<p style=\"text-align: justify;\">Actualmente esta en construcci\u00f3n un nuevo aut\u00f3dromo, del que hablaremos pr\u00f3ximamente.<\/p>\n<p>&nbsp;<\/p>\n<div class=\"hrule clearfix\"><\/div>\n<p><span style=\"color: #0000ff;\"><strong><span style=\"font-size: 14pt;\">CLUB BICICROSS SAN JUAN<\/span><\/strong><\/span><\/p>\n<p>&nbsp;<\/p>\n<table style=\"height: 92px;\" width=\"301\">\n<tbody>\n<tr>\n<td width=\"80\"><span style=\"text-decoration: underline;\"><strong>Distancia<\/strong><\/span><\/td>\n<td width=\"80\"><span style=\"text-decoration: underline;\"><strong>Tiempo<\/strong><\/span><\/td>\n<td width=\"91\"><span style=\"text-decoration: underline;\"><strong>Altura (s.n.m.)<\/strong><\/span><\/td>\n<\/tr>\n<tr>\n<td><span style=\"color: #ff0000;\">15km<\/span><\/td>\n<td><span style=\"color: #ff0000;\">15min<\/span><\/td>\n<td><span style=\"color: #ff0000;\">690mts<\/span><\/td>\n<\/tr>\n<\/tbody>\n<\/table>\n<p>&nbsp;<\/p>\n<p style=\"text-align: justify;\"><a href=\"http:\/\/bmxsanjuan.com.ar\/wordpress\/wp-content\/uploads\/2015\/12\/bicicross-san-juan.jpg\" data-rel=\"lightbox\"><img decoding=\"async\" loading=\"lazy\" class=\" wp-image-686 alignleft\" src=\"http:\/\/bmxsanjuan.com.ar\/wordpress\/wp-content\/uploads\/2015\/12\/bicicross-san-juan.jpg\" alt=\"bicicross san juan\" width=\"277\" height=\"171\" srcset=\"https:\/\/bmxsanjuan.com.ar\/wordpress\/wp-content\/uploads\/2015\/12\/bicicross-san-juan.jpg 408w, https:\/\/bmxsanjuan.com.ar\/wordpress\/wp-content\/uploads\/2015\/12\/bicicross-san-juan-300x185.jpg 300w, https:\/\/bmxsanjuan.com.ar\/wordpress\/wp-content\/uploads\/2015\/12\/bicicross-san-juan-80x50.jpg 80w\" sizes=\"(max-width: 277px) 100vw, 277px\" \/><\/a><\/p>\n<p style=\"text-align: justify;\">\n<p style=\"text-align: justify;\">Y por supuesto, est\u00e1 nuestro Club Bicicross San Juan, ubicado en la ciudad de Rawson en la avenida Gral. Lemos y Bulevar Sarmiento. Aqu\u00ed los chicos y j\u00f3venes de la provincia practican este excelente deporte. El circuito para BMX, forma parte de un complejo deportivo donde se practicar\u00e1n varias disciplinas, de acuerdo a un proyecto que desarrolla la Municipalidad de Rawson de nuestra provincia.<\/p>\n","protected":false},"excerpt":{"rendered":"<p>Comenzaremos\u00a0 a describirle los alrededores de la ciudad \u00a0y sus atractivos. Desde la Plaza 25 de Mayo,\u00a0nuestra plaza principal ya que alrededor de ella se encuentran numerosos comercios, bancos, hoteles, confiter\u00edas, donde se desarrolla una intensa actividad. Frente\u00a0 a ella, &hellip; <a href=\"https:\/\/bmxsanjuan.com.ar\/wordpress\/ciudad-para-descubrir\/\">Continuar<\/a><\/p>\n","protected":false},"author":1,"featured_media":0,"parent":0,"menu_order":0,"comment_status":"closed","ping_status":"closed","template":"","meta":{"jetpack_post_was_ever_published":false},"jetpack_sharing_enabled":true,"jetpack_shortlink":"https:\/\/wp.me\/P7EmwP-aF","_links":{"self":[{"href":"https:\/\/bmxsanjuan.com.ar\/wordpress\/wp-json\/wp\/v2\/pages\/661"}],"collection":[{"href":"https:\/\/bmxsanjuan.com.ar\/wordpress\/wp-json\/wp\/v2\/pages"}],"about":[{"href":"https:\/\/bmxsanjuan.com.ar\/wordpress\/wp-json\/wp\/v2\/types\/page"}],"author":[{"embeddable":true,"href":"https:\/\/bmxsanjuan.com.ar\/wordpress\/wp-json\/wp\/v2\/users\/1"}],"replies":[{"embeddable":true,"href":"https:\/\/bmxsanjuan.com.ar\/wordpress\/wp-json\/wp\/v2\/comments?post=661"}],"version-history":[{"count":13,"href":"https:\/\/bmxsanjuan.com.ar\/wordpress\/wp-json\/wp\/v2\/pages\/661\/revisions"}],"predecessor-version":[{"id":687,"href":"https:\/\/bmxsanjuan.com.ar\/wordpress\/wp-json\/wp\/v2\/pages\/661\/revisions\/687"}],"wp:attachment":[{"href":"https:\/\/bmxsanjuan.com.ar\/wordpress\/wp-json\/wp\/v2\/media?parent=661"}],"curies":[{"name":"wp","href":"https:\/\/api.w.org\/{rel}","templated":true}]}}