{"id":628,"date":"2015-12-05T01:09:23","date_gmt":"2015-12-05T04:09:23","guid":{"rendered":"http:\/\/bmxsanjuan.com.ar\/wordpress\/?page_id=628"},"modified":"2015-12-06T01:49:10","modified_gmt":"2015-12-06T04:49:10","slug":"valle-fertil-valle-de-la-luna","status":"publish","type":"page","link":"https:\/\/bmxsanjuan.com.ar\/wordpress\/valle-fertil-valle-de-la-luna\/","title":{"rendered":"Circuito Este"},"content":{"rendered":"<p style=\"text-align: center;\"><span style=\"font-size: 14pt; color: #0000ff;\"><strong>DIFUNTA CORREA<\/strong><\/span><\/p>\n<p style=\"text-align: justify;\"><strong>\u00a0<\/strong><\/p>\n<table width=\"251\">\n<tbody>\n<tr style=\"text-align: justify;\">\n<td width=\"80\"><span style=\"text-decoration: underline;\"><strong>Distancia<\/strong><\/span><\/td>\n<td width=\"80\"><span style=\"text-decoration: underline;\"><strong>Tiempo<\/strong><\/span><\/td>\n<td width=\"91\"><span style=\"text-decoration: underline;\"><strong>Altura (s.n.m.)<\/strong><\/span><\/td>\n<\/tr>\n<tr>\n<td style=\"text-align: justify;\"><span style=\"color: #ff0000;\">64 km<\/span><\/td>\n<td style=\"text-align: justify;\"><span style=\"color: #ff0000;\">45min<\/span><\/td>\n<td>\n<p style=\"text-align: justify;\"><span style=\"color: #ff0000;\">780mts<\/span><\/p>\n<\/td>\n<\/tr>\n<\/tbody>\n<\/table>\n<figure id=\"attachment_643\" class=\"thumbnail wp-caption alignleft\" style=\"width: 295px\"><a href=\"http:\/\/bmxsanjuan.com.ar\/wordpress\/wp-content\/uploads\/2015\/12\/difunta2.jpg\" data-rel=\"lightbox\"><img decoding=\"async\" loading=\"lazy\" class=\"wp-image-643 size-full\" src=\"http:\/\/bmxsanjuan.com.ar\/wordpress\/wp-content\/uploads\/2015\/12\/difunta2.jpg\" alt=\"difunta2\" width=\"295\" height=\"210\" \/><\/a><figcaption class=\"caption wp-caption-text\"><\/span> <span style=\"font-size: 8pt; color: #008000;\">Santuario Difunta Correa<\/span><\/figcaption><\/figure>\n<p style=\"text-align: center;\"><strong>\u00a0<\/strong><\/p>\n<p style=\"text-align: justify;\">En las proximidades de la estaci\u00f3n Vallecito, se encuentra el Santuario de la &#8220;Difunta Correa&#8221;, un lugar de leyenda creencia , culto y fe que es visitado por miles de turistas de todo el pa\u00eds. En sus alrededores, la Fundaci\u00f3n Vallecito ha construido un Hotel, y tambi\u00e9n encontramos locales comerciales, confiter\u00edas y parrilleros para brindar la mejor atenci\u00f3n posible a los turistas que visitan \u00e9ste lugar.<\/p>\n<div class=\"hrule clearfix\"><\/div>\n<p>&nbsp;<\/p>\n<p style=\"text-align: center;\">\n<p style=\"text-align: left;\"><strong><span style=\"font-size: 14pt; color: #0000ff;\">VALLE F\u00c9RTIL<\/span><\/strong><\/p>\n<p style=\"text-align: justify;\"><strong>\u00a0<\/strong><\/p>\n<table width=\"251\">\n<tbody>\n<tr>\n<td width=\"80\"><span style=\"text-decoration: underline;\"><strong>Distancia<\/strong><\/span><\/td>\n<td width=\"80\"><span style=\"text-decoration: underline;\"><strong>Tiempo<\/strong><\/span><\/td>\n<td width=\"91\"><span style=\"text-decoration: underline;\"><strong>Altura (s.n.m.)<\/strong><\/span><\/td>\n<\/tr>\n<tr>\n<td><span style=\"color: #ff0000;\">252km<\/span><\/td>\n<td><span style=\"color: #ff0000;\">2:30hs<\/span><\/td>\n<td><span style=\"color: #ff0000;\">890mts<\/span><\/td>\n<\/tr>\n<\/tbody>\n<\/table>\n<figure id=\"attachment_629\" class=\"thumbnail wp-caption alignleft\" style=\"width: 207px\"><a href=\"http:\/\/bmxsanjuan.com.ar\/wordpress\/wp-content\/uploads\/2015\/12\/image036.gif\" data-rel=\"lightbox\"><img decoding=\"async\" loading=\"lazy\" class=\"wp-image-629 size-full\" src=\"http:\/\/bmxsanjuan.com.ar\/wordpress\/wp-content\/uploads\/2015\/12\/image036.gif\" alt=\"image036\" width=\"207\" height=\"164\" \/><\/a><figcaption class=\"caption wp-caption-text\"><span style=\"font-size: 8pt; color: #008000;\">Dique San Agustin &#8211; Valle F\u00e9rtil<\/span><\/figcaption><\/figure>\n<p style=\"text-align: justify;\"><strong>\u00a0\u00a0\u00a0\u00a0\u00a0\u00a0\u00a0\u00a0\u00a0\u00a0\u00a0\u00a0\u00a0\u00a0\u00a0\u00a0\u00a0\u00a0\u00a0\u00a0\u00a0\u00a0\u00a0\u00a0\u00a0\u00a0\u00a0\u00a0\u00a0\u00a0\u00a0\u00a0\u00a0\u00a0\u00a0\u00a0\u00a0\u00a0\u00a0\u00a0\u00a0\u00a0\u00a0\u00a0\u00a0\u00a0\u00a0\u00a0\u00a0\u00a0\u00a0\u00a0\u00a0\u00a0\u00a0\u00a0\u00a0\u00a0 <\/strong><\/p>\n<figure id=\"attachment_630\" class=\"thumbnail wp-caption alignright\" style=\"width: 129px\"><a href=\"http:\/\/bmxsanjuan.com.ar\/wordpress\/wp-content\/uploads\/2015\/12\/vfertil.jpg\" data-rel=\"lightbox\"><img decoding=\"async\" loading=\"lazy\" class=\"wp-image-630\" src=\"http:\/\/bmxsanjuan.com.ar\/wordpress\/wp-content\/uploads\/2015\/12\/vfertil.jpg\" alt=\"vfertil\" width=\"129\" height=\"202\" srcset=\"https:\/\/bmxsanjuan.com.ar\/wordpress\/wp-content\/uploads\/2015\/12\/vfertil.jpg 226w, https:\/\/bmxsanjuan.com.ar\/wordpress\/wp-content\/uploads\/2015\/12\/vfertil-192x300.jpg 192w\" sizes=\"(max-width: 129px) 100vw, 129px\" \/><\/a><figcaption class=\"caption wp-caption-text\"><span style=\"font-size: 8pt; color: #008000;\">\u00a0 \u00a0 \u00a0 \u00a0 \u00a0 \u00a0 \u00a0 Valle F\u00e9rtil<\/span><\/figcaption><\/figure>\n<p style=\"text-align: justify;\"><div class=\"hrule clearfix\"><\/div>\n<p style=\"text-align: justify;\">Valle F\u00e9rtil se caracteriza por su paisaje de sierras, cactus y frutales En este lugar encontramos el Dique de San Agust\u00edn y la Hoster\u00eda , la cu\u00e1l es muy visitada por los amantes de la pesca.<\/p>\n<p>&nbsp;<\/p>\n<p>&nbsp;<\/p>\n<div class=\"hrule clearfix\"><\/div>\n<p><a href=\"http:\/\/bmxsanjuan.com.ar\/wordpress\/wp-content\/uploads\/2015\/12\/artesani.gif\" data-rel=\"lightbox\"><img decoding=\"async\" loading=\"lazy\" class=\"size-full wp-image-632 alignleft\" src=\"http:\/\/bmxsanjuan.com.ar\/wordpress\/wp-content\/uploads\/2015\/12\/artesani.gif\" alt=\"artesani\" width=\"109\" height=\"157\" \/><\/a><\/p>\n<p>&nbsp;<\/p>\n<p>&nbsp;<\/p>\n<p>En la localidad de La Majadita se encuentran artesan\u00edas tradicionales en cuero, telar y madera, que son muy codiciadas por los turistas.<\/p>\n<p style=\"text-align: justify;\">Desde esta Villa se pueden realizar paseos al parque provincial Ischigualasto, a las tres Sierras de Valle F\u00e9rtil, a los olivos hist\u00f3ricos de la Mesada y a las ruinas jesu\u00edticas de las Tumanas.<\/p>\n<div class=\"hrule clearfix\"><\/div>\n<p>&nbsp;<\/p>\n<h4 style=\"text-align: center;\"><strong><span style=\"color: #0000ff; font-size: 14pt;\">VALLE DE LA LUNA<\/span><\/strong><\/h4>\n<p style=\"text-align: center;\"><span style=\"color: #008000;\">\u00a0 \u00a0 \u00a0 \u00a0 \u00a0PATRIMONIO NATURAL DE LA HUMANIDAD<\/span><\/p>\n<p><strong>\u00a0<\/strong><\/p>\n<table width=\"251\">\n<tbody>\n<tr>\n<td width=\"80\"><span style=\"text-decoration: underline;\"><strong>Distancia<\/strong><\/span><\/td>\n<td width=\"80\"><span style=\"text-decoration: underline;\"><strong>Tiempo<\/strong><\/span><\/td>\n<td width=\"91\"><span style=\"text-decoration: underline;\"><strong>Altura (s.n.m.)<\/strong><\/span><\/td>\n<\/tr>\n<tr>\n<td><span style=\"color: #ff0000;\">325km<\/span><\/td>\n<td><span style=\"color: #ff0000;\">3:00hs<\/span><\/td>\n<td><span style=\"color: #ff0000;\">1.130mts<\/span><\/td>\n<\/tr>\n<\/tbody>\n<\/table>\n<p><strong>\u00a0<\/strong>El parque Provincial Ischigualasto o Valle de la Luna como se lo conoce popularmente, ocupa un \u00e1rea de 65.000 hect\u00e1reas y tiene una extensi\u00f3n de casi 50km de largo por l5 de ancho.<\/p>\n<figure id=\"attachment_633\" class=\"thumbnail wp-caption alignleft\" style=\"width: 250px\"><a href=\"http:\/\/bmxsanjuan.com.ar\/wordpress\/wp-content\/uploads\/2015\/12\/valle-luna.jpg\" data-rel=\"lightbox\"><img decoding=\"async\" loading=\"lazy\" class=\"wp-image-633 size-full\" src=\"http:\/\/bmxsanjuan.com.ar\/wordpress\/wp-content\/uploads\/2015\/12\/valle-luna.jpg\" alt=\"valle luna\" width=\"250\" height=\"166\" \/><\/a><figcaption class=\"caption wp-caption-text\"><span style=\"font-size: 8pt; color: #008000;\">El Hongo &#8211; Valle de la Luna<\/span><\/figcaption><\/figure>\n<p style=\"text-align: justify;\">Para acceder a \u00e9ste hermoso lugar ,desde la Villa San Agust\u00edn de Valle F\u00e9rtil se sigue 58 km por Ruta Provincial 5l0 , hasta Los Baldecitos , pasando por las localidades de Usno y Baldes del Rosario. En los Baldecitos se empalman l7 km , hasta alcanzar el refugio para guardaparques donde existe una sala-museo del Instituto de Ciencias Naturales de la Universidad Nacional de San Juan , que ejercita la custodia cient\u00edfica del yacimiento.<\/p>\n<figure id=\"attachment_634\" class=\"thumbnail wp-caption alignright\" style=\"width: 239px\"><a href=\"http:\/\/bmxsanjuan.com.ar\/wordpress\/wp-content\/uploads\/2015\/12\/subma.jpg\" data-rel=\"lightbox\"><img decoding=\"async\" loading=\"lazy\" class=\"wp-image-634 size-full\" src=\"http:\/\/bmxsanjuan.com.ar\/wordpress\/wp-content\/uploads\/2015\/12\/subma.jpg\" alt=\"subma\" width=\"239\" height=\"148\" srcset=\"https:\/\/bmxsanjuan.com.ar\/wordpress\/wp-content\/uploads\/2015\/12\/subma.jpg 239w, https:\/\/bmxsanjuan.com.ar\/wordpress\/wp-content\/uploads\/2015\/12\/subma-80x50.jpg 80w\" sizes=\"(max-width: 239px) 100vw, 239px\" \/><\/a><figcaption class=\"caption wp-caption-text\"><span style=\"font-size: 8pt; color: #008000;\">El Submarino &#8211; Valle de la Luna<\/span><\/figcaption><\/figure>\n<p style=\"text-align: justify;\">Internamente es un Valle surcado por cuatro formaciones geol\u00f3gicas diferentes, Ischichuca, Los Rastros, Ischigualasto y Los Colorados , y cada una de ellas habla de una \u00e9poca en la historia del planeta, de manera que lleva en su seno rocas y f\u00f3siles correspondientes a cada tiempo.<\/p>\n<p style=\"text-align: justify;\">Los Rastros data del per\u00edodo Tri\u00e1sico medio y est\u00e1 formada por piedras rojizas y verdosas que aparecen en diferentes capas. Ischigualasto est\u00e1 caracterizado por los restos de lava volc\u00e1nica , las arenas finas y las tonalidades m\u00e1s gris\u00e1ceas.<\/p>\n<figure id=\"attachment_637\" class=\"thumbnail wp-caption alignleft\" style=\"width: 230px\"><a href=\"http:\/\/bmxsanjuan.com.ar\/wordpress\/wp-content\/uploads\/2015\/12\/bochas.jpg\" data-rel=\"lightbox\"><img decoding=\"async\" loading=\"lazy\" class=\"wp-image-637 size-full\" src=\"http:\/\/bmxsanjuan.com.ar\/wordpress\/wp-content\/uploads\/2015\/12\/bochas.jpg\" alt=\"bochas\" width=\"230\" height=\"185\" \/><\/a><figcaption class=\"caption wp-caption-text\"><span style=\"font-size: 8pt; color: #008000;\">Cancha de Bochas &#8211; Valle de la Luna<\/span><\/figcaption><\/figure>\n<p style=\"text-align: justify;\">Dominan el lugar las geoformas , producto del desgaste de las rocas adquiriendo caprichosas formas como el Submarino, el Hongo, el Gusano etc.; y Los Colorados se presenta como una pared inmensa de unos 200 metros de altura, cuyo color se bandea entre el rojo intenso y los anaranjados del atardecer. Esta \u00faltima es la m\u00e1s modernas de las formaciones : tiene unos l80 millones de a\u00f1os en su existencia terrestre.<\/p>\n<p>\u00a0Ischigualasto es un vocablo que proviene de los diaguitas, primeros habitantes de la regi\u00f3n,\u201dValle de la Luna\u201d\u00a0\u00a0 es una\u00a0 nomenclatura moderna\u00a0 ideada por su similitud\u00a0 con el paisaje del llamado Valle Pintado y la superficie lunar. Recientemente\u00a0 \u201cValle de la Luna\u201d fue declarado por la\u00a0 UNESCO, c\u00f3mo Patrimonio de la Humanidad.<\/p>\n<p>&nbsp;<\/p>\n","protected":false},"excerpt":{"rendered":"<p>DIFUNTA CORREA \u00a0 Distancia Tiempo Altura (s.n.m.) 64 km 45min 780mts \u00a0 En las proximidades de la estaci\u00f3n Vallecito, se encuentra el Santuario de la &#8220;Difunta Correa&#8221;, un lugar de leyenda creencia , culto y fe que es visitado por &hellip; <a href=\"https:\/\/bmxsanjuan.com.ar\/wordpress\/valle-fertil-valle-de-la-luna\/\">Continuar<\/a><\/p>\n","protected":false},"author":1,"featured_media":0,"parent":0,"menu_order":0,"comment_status":"closed","ping_status":"closed","template":"","meta":{"jetpack_post_was_ever_published":false},"jetpack_sharing_enabled":true,"jetpack_shortlink":"https:\/\/wp.me\/P7EmwP-a8","_links":{"self":[{"href":"https:\/\/bmxsanjuan.com.ar\/wordpress\/wp-json\/wp\/v2\/pages\/628"}],"collection":[{"href":"https:\/\/bmxsanjuan.com.ar\/wordpress\/wp-json\/wp\/v2\/pages"}],"about":[{"href":"https:\/\/bmxsanjuan.com.ar\/wordpress\/wp-json\/wp\/v2\/types\/page"}],"author":[{"embeddable":true,"href":"https:\/\/bmxsanjuan.com.ar\/wordpress\/wp-json\/wp\/v2\/users\/1"}],"replies":[{"embeddable":true,"href":"https:\/\/bmxsanjuan.com.ar\/wordpress\/wp-json\/wp\/v2\/comments?post=628"}],"version-history":[{"count":8,"href":"https:\/\/bmxsanjuan.com.ar\/wordpress\/wp-json\/wp\/v2\/pages\/628\/revisions"}],"predecessor-version":[{"id":646,"href":"https:\/\/bmxsanjuan.com.ar\/wordpress\/wp-json\/wp\/v2\/pages\/628\/revisions\/646"}],"wp:attachment":[{"href":"https:\/\/bmxsanjuan.com.ar\/wordpress\/wp-json\/wp\/v2\/media?parent=628"}],"curies":[{"name":"wp","href":"https:\/\/api.w.org\/{rel}","templated":true}]}}