{"id":617,"date":"2015-12-04T02:25:16","date_gmt":"2015-12-04T05:25:16","guid":{"rendered":"http:\/\/bmxsanjuan.com.ar\/wordpress\/?page_id=617"},"modified":"2015-12-04T02:25:16","modified_gmt":"2015-12-04T05:25:16","slug":"turismo-aventura","status":"publish","type":"page","link":"https:\/\/bmxsanjuan.com.ar\/wordpress\/turismo-aventura\/","title":{"rendered":"Turismo Aventura"},"content":{"rendered":"<p style=\"text-align: justify;\">San Juan, por ser una provincia dominada netamente por atractivos naturales, es el escenario ideal para la pr\u00e1ctica del Turismo Aventura y deportes no convencionales.<\/p>\n<p style=\"text-align: justify;\">\n<p style=\"text-align: justify;\">\n<p style=\"text-align: justify;\"><a href=\"http:\/\/bmxsanjuan.com.ar\/wordpress\/wp-content\/uploads\/2015\/12\/image016.jpg\" data-rel=\"lightbox\"><img decoding=\"async\" loading=\"lazy\" class=\"size-full wp-image-618 alignleft\" src=\"http:\/\/bmxsanjuan.com.ar\/wordpress\/wp-content\/uploads\/2015\/12\/image016.jpg\" alt=\"image016\" width=\"274\" height=\"161\" \/><\/a>En los Departamentos cordilleranos de Calingasta e Iglesia, las excursiones se realizan en 4&#215;4 o a caballo seg\u00fan la accesibilidad de las \u00e1reas, variando tambi\u00e9n la duraci\u00f3n de las mismas entre 2 a 10 d\u00edas dependiendo de la propuesta elegida.<\/p>\n<p style=\"text-align: justify;\">\n<p style=\"text-align: justify;\">\n<p style=\"text-align: justify;\">La oferta de actividades es variada abarcando desde trekking, cabalgatas, escalamiento, safaris fotogr\u00e1ficos, pesca de cordillera, rafting, carrovelismo.<a href=\"http:\/\/bmxsanjuan.com.ar\/wordpress\/wp-content\/uploads\/2015\/12\/image007.jpg\" data-rel=\"lightbox\"><img decoding=\"async\" loading=\"lazy\" class=\"size-full wp-image-620 alignright\" src=\"http:\/\/bmxsanjuan.com.ar\/wordpress\/wp-content\/uploads\/2015\/12\/image007.jpg\" alt=\"image007\" width=\"380\" height=\"212\" srcset=\"https:\/\/bmxsanjuan.com.ar\/wordpress\/wp-content\/uploads\/2015\/12\/image007.jpg 380w, https:\/\/bmxsanjuan.com.ar\/wordpress\/wp-content\/uploads\/2015\/12\/image007-300x167.jpg 300w\" sizes=\"(max-width: 380px) 100vw, 380px\" \/><\/a><\/p>\n<p style=\"text-align: justify;\">\n<p style=\"text-align: justify;\">\n<p style=\"text-align: justify;\">\n<p style=\"text-align: justify;\">Los sitios a recorrer son numerosos, destac\u00e1ndose por ejemplo, el valle de los R\u00edos Los Patos, Blanco, Colorado, las Cordilleras de la Ramada, de Ansilta, el cerro Mercedario, la Reserva de la Biosfera de San Guillermo; incluyendo pesca en el paraje hist\u00f3rico de Las <a href=\"http:\/\/bmxsanjuan.com.ar\/wordpress\/wp-content\/uploads\/2015\/12\/barreal-blanco.jpg\" data-rel=\"lightbox\"><img decoding=\"async\" loading=\"lazy\" class=\"wp-image-621 alignleft\" src=\"http:\/\/bmxsanjuan.com.ar\/wordpress\/wp-content\/uploads\/2015\/12\/barreal-blanco.jpg\" alt=\"barreal blanco\" width=\"417\" height=\"179\" srcset=\"https:\/\/bmxsanjuan.com.ar\/wordpress\/wp-content\/uploads\/2015\/12\/barreal-blanco.jpg 1024w, https:\/\/bmxsanjuan.com.ar\/wordpress\/wp-content\/uploads\/2015\/12\/barreal-blanco-300x129.jpg 300w\" sizes=\"(max-width: 417px) 100vw, 417px\" \/><\/a>Hornillas, rafting en los R\u00edos Los Patos y San Juan, carrovelismo en la Pampa del Leoncito, avistaje de fauna (suris, c\u00f3ndores, vicu\u00f1as, guanacos) en toda la zona cordillerana, transitar la senda utilizada por el glorioso Ej\u00e9rcito de los Andes al mando del Libertador General San Mart\u00edn, etc.. Sin dudas, sitios que confirman la acreditada fama de que se han hecho acreedores estos parajes por su belleza, imponencia y magnitud.<\/p>\n<figure id=\"attachment_622\" class=\"thumbnail wp-caption alignright\" style=\"width: 252px\"><a href=\"http:\/\/bmxsanjuan.com.ar\/wordpress\/wp-content\/uploads\/2015\/12\/descarga-2.jpg\" data-rel=\"lightbox\"><img decoding=\"async\" loading=\"lazy\" class=\"size-full wp-image-622\" src=\"http:\/\/bmxsanjuan.com.ar\/wordpress\/wp-content\/uploads\/2015\/12\/descarga-2.jpg\" alt=\"foto raftingsanjuan.com\" width=\"252\" height=\"200\" \/><\/a><figcaption class=\"caption wp-caption-text\"><span style=\"font-size: 8pt; color: #ff0000;\">foto raftingsanjuan.com<\/span><\/figcaption><\/figure>\n<p style=\"text-align: justify;\">\n<p style=\"text-align: justify;\">\n<p style=\"text-align: justify;\">Hacia el este, en el Departamento de Valle F\u00e9rtil, las actividades se desarrollan en el encantador paisaje serrano. Tambi\u00e9n all\u00ed se organizan salidas al sistema de las <a href=\"http:\/\/bmxsanjuan.com.ar\/wordpress\/wp-content\/uploads\/2015\/12\/Pesca06.jpg\" data-rel=\"lightbox\"><img decoding=\"async\" loading=\"lazy\" class=\"wp-image-623 alignleft\" src=\"http:\/\/bmxsanjuan.com.ar\/wordpress\/wp-content\/uploads\/2015\/12\/Pesca06.jpg\" alt=\"Pesca06\" width=\"260\" height=\"171\" srcset=\"https:\/\/bmxsanjuan.com.ar\/wordpress\/wp-content\/uploads\/2015\/12\/Pesca06.jpg 431w, https:\/\/bmxsanjuan.com.ar\/wordpress\/wp-content\/uploads\/2015\/12\/Pesca06-300x197.jpg 300w\" sizes=\"(max-width: 260px) 100vw, 260px\" \/><\/a>Sierras de Valle F\u00e9rtil y La Huerta, a lomo de mula en paseos de 2 \u00f3 3 d\u00edas de duraci\u00f3n, conviviendo all\u00ed con peque\u00f1as poblaciones dedicadas a la cr\u00eda de caprinos y a la confecci\u00f3n de bellas artesan\u00edas en cuero y madera.<\/p>\n<p style=\"text-align: justify;\">\n<p style=\"text-align: justify;\">\n<p style=\"text-align: justify;\">\n<p style=\"text-align: justify;\">\n<p style=\"text-align: justify;\">En todos los casos, los prestadores de estos servicios son los encargados de fijar fechas e indicar los equipos personales<a href=\"http:\/\/bmxsanjuan.com.ar\/wordpress\/wp-content\/uploads\/2015\/12\/enduro.jpg\" data-rel=\"lightbox\"><img decoding=\"async\" loading=\"lazy\" class=\"wp-image-624 alignright\" src=\"http:\/\/bmxsanjuan.com.ar\/wordpress\/wp-content\/uploads\/2015\/12\/enduro.jpg\" alt=\"enduro\" width=\"346\" height=\"219\" srcset=\"https:\/\/bmxsanjuan.com.ar\/wordpress\/wp-content\/uploads\/2015\/12\/enduro.jpg 362w, https:\/\/bmxsanjuan.com.ar\/wordpress\/wp-content\/uploads\/2015\/12\/enduro-300x190.jpg 300w, https:\/\/bmxsanjuan.com.ar\/wordpress\/wp-content\/uploads\/2015\/12\/enduro-80x50.jpg 80w\" sizes=\"(max-width: 346px) 100vw, 346px\" \/><\/a> necesarios para expediciones de alta monta\u00f1a; proveyendo ellos los veh\u00edculos, animales, monturas, aperos, carpas, alimentaci\u00f3n y traslados, y, por sobre todo, la esmerada atenci\u00f3n para que su \u201cAventura\u201d sea de aquellas que uno guarda para siempre en su memoria como \u201c\u00fanicas e inolvidables\u201d.<\/p>\n","protected":false},"excerpt":{"rendered":"<p>San Juan, por ser una provincia dominada netamente por atractivos naturales, es el escenario ideal para la pr\u00e1ctica del Turismo Aventura y deportes no convencionales. En los Departamentos cordilleranos de Calingasta e Iglesia, las excursiones se realizan en 4&#215;4 o &hellip; <a href=\"https:\/\/bmxsanjuan.com.ar\/wordpress\/turismo-aventura\/\">Continuar<\/a><\/p>\n","protected":false},"author":1,"featured_media":0,"parent":0,"menu_order":0,"comment_status":"closed","ping_status":"closed","template":"","meta":{"jetpack_post_was_ever_published":false},"jetpack_sharing_enabled":true,"jetpack_shortlink":"https:\/\/wp.me\/P7EmwP-9X","_links":{"self":[{"href":"https:\/\/bmxsanjuan.com.ar\/wordpress\/wp-json\/wp\/v2\/pages\/617"}],"collection":[{"href":"https:\/\/bmxsanjuan.com.ar\/wordpress\/wp-json\/wp\/v2\/pages"}],"about":[{"href":"https:\/\/bmxsanjuan.com.ar\/wordpress\/wp-json\/wp\/v2\/types\/page"}],"author":[{"embeddable":true,"href":"https:\/\/bmxsanjuan.com.ar\/wordpress\/wp-json\/wp\/v2\/users\/1"}],"replies":[{"embeddable":true,"href":"https:\/\/bmxsanjuan.com.ar\/wordpress\/wp-json\/wp\/v2\/comments?post=617"}],"version-history":[{"count":2,"href":"https:\/\/bmxsanjuan.com.ar\/wordpress\/wp-json\/wp\/v2\/pages\/617\/revisions"}],"predecessor-version":[{"id":625,"href":"https:\/\/bmxsanjuan.com.ar\/wordpress\/wp-json\/wp\/v2\/pages\/617\/revisions\/625"}],"wp:attachment":[{"href":"https:\/\/bmxsanjuan.com.ar\/wordpress\/wp-json\/wp\/v2\/media?parent=617"}],"curies":[{"name":"wp","href":"https:\/\/api.w.org\/{rel}","templated":true}]}}