{"id":606,"date":"2015-12-04T01:47:46","date_gmt":"2015-12-04T04:47:46","guid":{"rendered":"http:\/\/bmxsanjuan.com.ar\/wordpress\/?page_id=606"},"modified":"2015-12-06T03:07:05","modified_gmt":"2015-12-06T06:07:05","slug":"termas-y-tradicion","status":"publish","type":"page","link":"https:\/\/bmxsanjuan.com.ar\/wordpress\/termas-y-tradicion\/","title":{"rendered":"Circuito Norte"},"content":{"rendered":"<p style=\"text-align: justify;\"><div class=\"hrule clearfix\"><\/div>\n<h6 style=\"text-align: center;\"><strong><span lang=\"ES\" style=\"color: #0000ff; font-size: 14pt;\">CIRCUITO ZONA NORTE<\/span><\/strong><\/h6>\n<p>&nbsp;<\/p>\n<p>&nbsp;<\/p>\n<table style=\"height: 348px;\" width=\"355\">\n<tbody>\n<tr>\n<td width=\"103\"><strong>Zona Norte<\/strong><\/td>\n<td width=\"61\"><strong>Distancia<\/strong><\/td>\n<td width=\"49\"><strong>Tiempo<\/strong><\/td>\n<td width=\"79\"><strong>Altura(snm.)<\/strong><\/td>\n<\/tr>\n<tr>\n<td><span style=\"color: #ff0000;\">San Jos\u00e9 J\u00e1chal<\/span><\/td>\n<td><span style=\"color: #ff0000;\">157km<\/span><\/td>\n<td><span style=\"color: #ff0000;\">l:35hs<\/span><\/td>\n<td><span style=\"color: #ff0000;\">1.162mts<\/span><\/td>\n<\/tr>\n<tr>\n<td><span style=\"color: #ff0000;\">Agua Hedionda<\/span><\/td>\n<td><span style=\"color: #ff0000;\">185km<\/span><\/td>\n<td><span style=\"color: #ff0000;\">1:50hs<\/span><\/td>\n<td><span style=\"color: #ff0000;\">992mts<\/span><\/td>\n<\/tr>\n<tr>\n<td><span style=\"color: #ff0000;\">Huaco<\/span><\/td>\n<td><span style=\"color: #ff0000;\">196km<\/span><\/td>\n<td><span style=\"color: #ff0000;\">2:00hs<\/span><\/td>\n<td><span style=\"color: #ff0000;\">990mts<\/span><\/td>\n<\/tr>\n<tr>\n<td><span style=\"color: #ff0000;\">Rodeo<\/span><\/td>\n<td><span style=\"color: #ff0000;\">197km<\/span><\/td>\n<td><span style=\"color: #ff0000;\">2:00hs<\/span><\/td>\n<td><span style=\"color: #ff0000;\">1.600mts<\/span><\/td>\n<\/tr>\n<tr>\n<td><span style=\"color: #ff0000;\">Pismanta<\/span><\/td>\n<td><span style=\"color: #ff0000;\">187km<\/span><\/td>\n<td><span style=\"color: #ff0000;\">2:00hs<\/span><\/td>\n<td><span style=\"color: #ff0000;\">2.010mts<\/span><\/td>\n<\/tr>\n<tr>\n<td><span style=\"color: #ff0000;\">Las Flores<\/span><\/td>\n<td><span style=\"color: #ff0000;\">180km<\/span><\/td>\n<td><span style=\"color: #ff0000;\">1:50hs<\/span><\/td>\n<td><span style=\"color: #ff0000;\">1.700mts<\/span><\/td>\n<\/tr>\n<tr>\n<td><span style=\"color: #ff0000;\">Iglesia<\/span><\/td>\n<td><span style=\"color: #ff0000;\">170km<\/span><\/td>\n<td><span style=\"color: #ff0000;\">1:45hs<\/span><\/td>\n<td><span style=\"color: #ff0000;\">1.800mts<\/span><\/td>\n<\/tr>\n<\/tbody>\n<\/table>\n<p>&nbsp;<\/p>\n<figure id=\"attachment_607\" class=\"thumbnail wp-caption alignleft\" style=\"width: 400px\"><a href=\"http:\/\/bmxsanjuan.com.ar\/wordpress\/wp-content\/uploads\/2015\/12\/hotel_pismanta_3_6.jpg\" data-rel=\"lightbox\"><img decoding=\"async\" loading=\"lazy\" class=\"size-full wp-image-607\" src=\"http:\/\/bmxsanjuan.com.ar\/wordpress\/wp-content\/uploads\/2015\/12\/hotel_pismanta_3_6.jpg\" alt=\"Hotel Pismanta -Pismanta\" width=\"400\" height=\"265\" srcset=\"https:\/\/bmxsanjuan.com.ar\/wordpress\/wp-content\/uploads\/2015\/12\/hotel_pismanta_3_6.jpg 400w, https:\/\/bmxsanjuan.com.ar\/wordpress\/wp-content\/uploads\/2015\/12\/hotel_pismanta_3_6-300x199.jpg 300w\" sizes=\"(max-width: 400px) 100vw, 400px\" \/><\/a><figcaption class=\"caption wp-caption-text\"><span style=\"font-size: 8pt; color: #008080;\">Hotel Pismanta -Pismanta<\/span><\/figcaption><\/figure>\n<p style=\"text-align: justify;\"><span style=\"font-size: 12pt;\"><strong>Iglesia:<\/strong><\/span> El norte sanjuanino ofrece una variada gama de alternativas. En Iglesia, el complejo hotelero Termas de Pismanta es famoso tanto por las condiciones curativas de sus aguas como por el clima privilegiado lo que permite ser frecuentado durante todo el a\u00f1o. Situado en un valle rodeado de monta\u00f1as cuyas cumbres se ofrecen permanentemente nevadas, con un cielo di\u00e1fano y transparente.<\/p>\n<p style=\"text-align: justify;\">Las condiciones curativas de las aguas de Pismanta provienen de muy lejos y eran utilizadas por los ind\u00edgenas de la regi\u00f3n a\u00fan antes de la conquista espa\u00f1ola. Se trata de una vertiente de aguas mesotermales de origen volc\u00e1nico, que brota de la tierra a una temperatura de 45 grados. Cuenta con un hotel con todas las instalaciones y servicios para recibir 120 pasajeros, en habitaciones individuales con sus respectivos cuartos de ba\u00f1os. El agua de Pismanta es recomendada especialmente para casos de reumatismo, alergias, artrosis rebeldes, as\u00ed como para otras afecciones relacionadas con el sistema termo regulador del organismo humano.<\/p>\n<p style=\"text-align: justify;\"><a href=\"http:\/\/bmxsanjuan.com.ar\/wordpress\/wp-content\/uploads\/2015\/12\/raffting.jpg\" data-rel=\"lightbox\"><img decoding=\"async\" loading=\"lazy\" class=\"wp-image-608 alignleft\" src=\"http:\/\/bmxsanjuan.com.ar\/wordpress\/wp-content\/uploads\/2015\/12\/raffting.jpg\" alt=\"raffting\" width=\"324\" height=\"215\" srcset=\"https:\/\/bmxsanjuan.com.ar\/wordpress\/wp-content\/uploads\/2015\/12\/raffting.jpg 348w, https:\/\/bmxsanjuan.com.ar\/wordpress\/wp-content\/uploads\/2015\/12\/raffting-300x199.jpg 300w\" sizes=\"(max-width: 324px) 100vw, 324px\" \/><\/a>Pero Iglesia tiene mucho m\u00e1s para ofrecer al visitante, donde podr\u00e1 practicar rafting, trekking, escalamiento, pesca de pejerrey y truchas, degustar de exquisitos chivos y corderos o adquirir excelentes productos regionales, tejidos en telar y artesan\u00eda del lugar. <a href=\"http:\/\/bmxsanjuan.com.ar\/wordpress\/wp-content\/uploads\/2015\/12\/Pesca03.jpg\" data-rel=\"lightbox\"><img decoding=\"async\" loading=\"lazy\" class=\"wp-image-609 alignright\" src=\"http:\/\/bmxsanjuan.com.ar\/wordpress\/wp-content\/uploads\/2015\/12\/Pesca03.jpg\" alt=\"Pesca03\" width=\"283\" height=\"198\" srcset=\"https:\/\/bmxsanjuan.com.ar\/wordpress\/wp-content\/uploads\/2015\/12\/Pesca03.jpg 405w, https:\/\/bmxsanjuan.com.ar\/wordpress\/wp-content\/uploads\/2015\/12\/Pesca03-300x210.jpg 300w\" sizes=\"(max-width: 283px) 100vw, 283px\" \/><\/a><\/p>\n<p style=\"text-align: justify;\">Hacia el oeste el camino internacional a la Rep\u00fablica de Chile por el Paso de Agua Negra, presenta un escenario de indescriptible belleza siendo la impactante figura de los penitentes uno de los mayores atractivos.<\/p>\n<p style=\"text-align: justify;\"><a href=\"http:\/\/bmxsanjuan.com.ar\/wordpress\/wp-content\/uploads\/2015\/12\/OasisSerrano.jpg\" data-rel=\"lightbox\"><img decoding=\"async\" loading=\"lazy\" class=\"wp-image-611 alignleft\" src=\"http:\/\/bmxsanjuan.com.ar\/wordpress\/wp-content\/uploads\/2015\/12\/OasisSerrano.jpg\" alt=\"OasisSerrano\" width=\"195\" height=\"262\" srcset=\"https:\/\/bmxsanjuan.com.ar\/wordpress\/wp-content\/uploads\/2015\/12\/OasisSerrano.jpg 477w, https:\/\/bmxsanjuan.com.ar\/wordpress\/wp-content\/uploads\/2015\/12\/OasisSerrano-224x300.jpg 224w\" sizes=\"(max-width: 195px) 100vw, 195px\" \/><\/a>Una cadena de peque\u00f1os oasis iglesianos cuyo paisaje de un verde intenso, que contrasta con la aridez y rudeza de las monta\u00f1as, se contin\u00faa hacia el este por la encantadora Cuesta del Viento, que los comunica con el valle de J\u00e1chal.<\/p>\n<div class=\"hrule clearfix\"><\/div>\n<figure id=\"attachment_650\" class=\"thumbnail wp-caption alignright\" style=\"width: 158px\"><a href=\"http:\/\/bmxsanjuan.com.ar\/wordpress\/wp-content\/uploads\/2015\/12\/fincaEl-martillo.jpg\" data-rel=\"lightbox\"><img decoding=\"async\" loading=\"lazy\" class=\"wp-image-650 size-full\" src=\"http:\/\/bmxsanjuan.com.ar\/wordpress\/wp-content\/uploads\/2015\/12\/fincaEl-martillo.jpg\" alt=\"fincaEl-martillo\" width=\"158\" height=\"100\" srcset=\"https:\/\/bmxsanjuan.com.ar\/wordpress\/wp-content\/uploads\/2015\/12\/fincaEl-martillo.jpg 158w, https:\/\/bmxsanjuan.com.ar\/wordpress\/wp-content\/uploads\/2015\/12\/fincaEl-martillo-80x50.jpg 80w\" sizes=\"(max-width: 158px) 100vw, 158px\" \/><\/a><figcaption class=\"caption wp-caption-text\"><span style=\"font-size: 8pt;\">Finca El Martillo<\/span><\/figcaption><\/figure>\n<p><strong>RODEO<\/strong>. Es la villa cabecera del Departamento de Iglesia, y all\u00ed se encuentra la Finca\u00a0 El Martillo d\u00f3nde se realiza cr\u00eda experimental de vicu\u00f1as y guanacos para esquilar, elaboraci\u00f3n y venta de dulces artesanales..Tambi\u00e9n se pueden adquirir hierbas arom\u00e1ticas, miel, encurtidos , tejidos, tapices, frutas y verduras disecadas para ornamentaci\u00f3n.<\/p>\n<div class=\"hrule clearfix\"><\/div>\n<figure id=\"attachment_648\" class=\"thumbnail wp-caption alignleft\" style=\"width: 164px\"><a href=\"http:\/\/bmxsanjuan.com.ar\/wordpress\/wp-content\/uploads\/2015\/12\/cristo-negro-jachal1.jpg\" data-rel=\"lightbox\"><img decoding=\"async\" loading=\"lazy\" class=\"wp-image-648\" src=\"http:\/\/bmxsanjuan.com.ar\/wordpress\/wp-content\/uploads\/2015\/12\/cristo-negro-jachal1.jpg\" alt=\"cristo negro jachal\" width=\"164\" height=\"218\" srcset=\"https:\/\/bmxsanjuan.com.ar\/wordpress\/wp-content\/uploads\/2015\/12\/cristo-negro-jachal1.jpg 336w, https:\/\/bmxsanjuan.com.ar\/wordpress\/wp-content\/uploads\/2015\/12\/cristo-negro-jachal1-225x300.jpg 225w\" sizes=\"(max-width: 164px) 100vw, 164px\" \/><\/a><figcaption class=\"caption wp-caption-text\"><span style=\"font-size: 8pt;\">Cristo Negro<\/span><\/figcaption><\/figure>\n<p style=\"text-align: justify;\"><strong>JACHAL.<\/strong>\u00a0 :Departamento ubicado al norte de nuestra provincia , posee una Iglesia, San Jos\u00e9 de J\u00e1chal, declarada Monumento Hist\u00f3rico Nacional. En ella se encuentra\u00a0 una imagen\u00a0 del Cristo Crucificado, tra\u00eddo desde Potos\u00ed , a fines del siglo XVIII, se lo llama tambi\u00e9n Se\u00f1or de la Agon\u00eda y es la imagen de un Cristo negro, de tama\u00f1o natural, articulado. Tambi\u00e9n se encuentra la imagen de San Jos\u00e9, patrono del Departamento y por \u00faltimo la imagen del Ni\u00f1o Jes\u00fas, donada en l784.<\/p>\n<p style=\"text-align: justify;\">Es J\u00e1chal un pueblo deseoso de conservar las m\u00e1s viejas tradiciones, traducidas en al<a href=\"http:\/\/bmxsanjuan.com.ar\/wordpress\/wp-content\/uploads\/2015\/12\/Dfsjj.jpg\" data-rel=\"lightbox\"><img decoding=\"async\" loading=\"lazy\" class=\" wp-image-649 alignright\" src=\"http:\/\/bmxsanjuan.com.ar\/wordpress\/wp-content\/uploads\/2015\/12\/Dfsjj.jpg\" alt=\"Dfsjj\" width=\"196\" height=\"100\" srcset=\"https:\/\/bmxsanjuan.com.ar\/wordpress\/wp-content\/uploads\/2015\/12\/Dfsjj.jpg 302w, https:\/\/bmxsanjuan.com.ar\/wordpress\/wp-content\/uploads\/2015\/12\/Dfsjj-300x153.jpg 300w\" sizes=\"(max-width: 196px) 100vw, 196px\" \/><\/a> conservaci\u00f3n de las costumbres y cantos populares, es reserva po\u00e9tica de nost\u00e1lgicas vivencias pastoriles, que a\u00f1o tras a\u00f1o se expresan en la Fiesta de la Tradici\u00f3n.<\/p>\n<div class=\"hrule clearfix\"><\/div>\n<figure id=\"attachment_614\" class=\"thumbnail wp-caption alignleft\" style=\"width: 233px\"><a href=\"http:\/\/bmxsanjuan.com.ar\/wordpress\/wp-content\/uploads\/2015\/12\/molinos_de_huaco.jpg\" data-rel=\"lightbox\"><img decoding=\"async\" loading=\"lazy\" class=\" wp-image-614\" src=\"http:\/\/bmxsanjuan.com.ar\/wordpress\/wp-content\/uploads\/2015\/12\/molinos_de_huaco.jpg\" alt=\"Molino de Huaco\" width=\"233\" height=\"179\" srcset=\"https:\/\/bmxsanjuan.com.ar\/wordpress\/wp-content\/uploads\/2015\/12\/molinos_de_huaco.jpg 600w, https:\/\/bmxsanjuan.com.ar\/wordpress\/wp-content\/uploads\/2015\/12\/molinos_de_huaco-300x230.jpg 300w\" sizes=\"(max-width: 233px) 100vw, 233px\" \/><\/a><figcaption class=\"caption wp-caption-text\"><span style=\"font-size: 8pt; color: #008080;\">Molino de Huaco<\/span><\/figcaption><\/figure>\n<p>&nbsp;<\/p>\n<p>La localidad de Huaco, cuna del poeta Don Buenaventura Luna que plasmara en sus poemas, con tanto amor, la pasi\u00f3n por su terru\u00f1o, conserva testimonios de una \u00e9poca floreciente de la econom\u00eda jachallera, como lo es el viejo molino harinero exponente de la vida de este pueblo, que junto a otros molinos de la zona conforman el circuito de los viejos molinos, recientemente declarados Monumento Hist\u00f3rico Nacional.<\/p>\n<p>&nbsp;<\/p>\n<p>&nbsp;<\/p>\n<div class=\"hrule clearfix\"><\/div>\n<p style=\"text-align: justify;\"><strong><a href=\"http:\/\/bmxsanjuan.com.ar\/wordpress\/wp-content\/uploads\/2015\/12\/vicunas.jpg\" data-rel=\"lightbox\"><img decoding=\"async\" loading=\"lazy\" class=\"wp-image-651 alignleft\" src=\"http:\/\/bmxsanjuan.com.ar\/wordpress\/wp-content\/uploads\/2015\/12\/vicunas.jpg\" alt=\"vicunas\" width=\"263\" height=\"123\" srcset=\"https:\/\/bmxsanjuan.com.ar\/wordpress\/wp-content\/uploads\/2015\/12\/vicunas.jpg 376w, https:\/\/bmxsanjuan.com.ar\/wordpress\/wp-content\/uploads\/2015\/12\/vicunas-300x140.jpg 300w\" sizes=\"(max-width: 263px) 100vw, 263px\" \/><\/a><\/strong><\/p>\n<p style=\"text-align: justify;\"><strong>RESERVA DE SAN GUILLERMO<\/strong>.. Situada al Noroeste de nuestra provincia, posee una extensi\u00f3n de 800.000 hect\u00e1reas.\u00a0 Fue declarada por la UNESCO, en l981, como Reserva de la Bi\u00f3sfera. Es un \u00e1rea custodiada\u00a0 por la Direcci\u00f3n de Recursos Naturales Renovables y\u00a0 de Gendarmer\u00eda Nacional . En \u00e9sta Reserva\u00a0 se encuentran\u00a0 tropas de guanacos, numerosas vicu\u00f1as ,flamencos rosados. \u00d1and\u00faes y lagartos.<\/p>\n","protected":false},"excerpt":{"rendered":"<p>CIRCUITO ZONA NORTE &nbsp; &nbsp; Zona Norte Distancia Tiempo Altura(snm.) San Jos\u00e9 J\u00e1chal 157km l:35hs 1.162mts Agua Hedionda 185km 1:50hs 992mts Huaco 196km 2:00hs 990mts Rodeo 197km 2:00hs 1.600mts Pismanta 187km 2:00hs 2.010mts Las Flores 180km 1:50hs 1.700mts Iglesia 170km &hellip; <a href=\"https:\/\/bmxsanjuan.com.ar\/wordpress\/termas-y-tradicion\/\">Continuar<\/a><\/p>\n","protected":false},"author":1,"featured_media":0,"parent":0,"menu_order":0,"comment_status":"closed","ping_status":"closed","template":"","meta":{"jetpack_post_was_ever_published":false},"jetpack_sharing_enabled":true,"jetpack_shortlink":"https:\/\/wp.me\/P7EmwP-9M","_links":{"self":[{"href":"https:\/\/bmxsanjuan.com.ar\/wordpress\/wp-json\/wp\/v2\/pages\/606"}],"collection":[{"href":"https:\/\/bmxsanjuan.com.ar\/wordpress\/wp-json\/wp\/v2\/pages"}],"about":[{"href":"https:\/\/bmxsanjuan.com.ar\/wordpress\/wp-json\/wp\/v2\/types\/page"}],"author":[{"embeddable":true,"href":"https:\/\/bmxsanjuan.com.ar\/wordpress\/wp-json\/wp\/v2\/users\/1"}],"replies":[{"embeddable":true,"href":"https:\/\/bmxsanjuan.com.ar\/wordpress\/wp-json\/wp\/v2\/comments?post=606"}],"version-history":[{"count":5,"href":"https:\/\/bmxsanjuan.com.ar\/wordpress\/wp-json\/wp\/v2\/pages\/606\/revisions"}],"predecessor-version":[{"id":654,"href":"https:\/\/bmxsanjuan.com.ar\/wordpress\/wp-json\/wp\/v2\/pages\/606\/revisions\/654"}],"wp:attachment":[{"href":"https:\/\/bmxsanjuan.com.ar\/wordpress\/wp-json\/wp\/v2\/media?parent=606"}],"curies":[{"name":"wp","href":"https:\/\/api.w.org\/{rel}","templated":true}]}}