{"id":596,"date":"2015-12-04T00:28:35","date_gmt":"2015-12-04T03:28:35","guid":{"rendered":"http:\/\/bmxsanjuan.com.ar\/wordpress\/?page_id=596"},"modified":"2015-12-04T00:28:35","modified_gmt":"2015-12-04T03:28:35","slug":"turismo-cientifico","status":"publish","type":"page","link":"https:\/\/bmxsanjuan.com.ar\/wordpress\/turismo-cientifico\/","title":{"rendered":"Turismo Cient\u00edfico"},"content":{"rendered":"<p style=\"text-align: justify;\">El <span style=\"color: #0000ff;\"><strong>Parque Nacional El Leoncito<\/strong><\/span> se encuentra en el departamento Calingasta a 245 Km y al sudoeste de San Juan (capital) y a 35 km. de la localidad de Barreal.<\/p>\n<p>&nbsp;<\/p>\n<p><a href=\"http:\/\/bmxsanjuan.com.ar\/wordpress\/wp-content\/uploads\/2015\/12\/Observatorio-El-Leoncito-Barreal-800x600.jpg\" data-rel=\"lightbox\"><img decoding=\"async\" loading=\"lazy\" class=\"alignnone size-full wp-image-599\" src=\"http:\/\/bmxsanjuan.com.ar\/wordpress\/wp-content\/uploads\/2015\/12\/Observatorio-El-Leoncito-Barreal-800x600.jpg\" alt=\"Observatorio-El-Leoncito-Barreal-800x600\" width=\"800\" height=\"545\" srcset=\"https:\/\/bmxsanjuan.com.ar\/wordpress\/wp-content\/uploads\/2015\/12\/Observatorio-El-Leoncito-Barreal-800x600.jpg 800w, https:\/\/bmxsanjuan.com.ar\/wordpress\/wp-content\/uploads\/2015\/12\/Observatorio-El-Leoncito-Barreal-800x600-300x204.jpg 300w\" sizes=\"(max-width: 800px) 100vw, 800px\" \/><\/a><\/p>\n<p style=\"text-align: justify;\">\nFue designado como Reserva Natural Estricta en el a\u00f1o 1994, con el fin de proteger y preservar la flora y la fauna t\u00edpica de la zona. El en a\u00f1o 2002 se convierte en Parque Nacional y se custodia los sitios paleontol\u00f3gicos y arqueol\u00f3gicos como as\u00ed tambi\u00e9n el Camino del Inca.<\/p>\n<p style=\"text-align: justify;\">\n<p style=\"text-align: justify;\">\n<p style=\"text-align: justify;\">\nPuede ser visitado durante todo el a\u00f1o y el ingreso al mismo es gratuito. Cuenta con un camping libre con fogones, mesas, parrillas, quincho y sanitarios con ducha con agua caliente (en sector de recepci\u00f3n), \u00e1reas de picnic y descanso.<\/p>\n<p style=\"text-align: justify;\">\n<p style=\"text-align: justify;\">\n<p style=\"text-align: justify;\">\nAdem\u00e1s de los magn\u00edficos paisajes, el visitante pude disfrutar de uno de sus principales atracciones, ya que el parque es un sitio excelente para la observaci\u00f3n del cosmos debido al muy bajo nivel de humedad y nubosidad como as\u00ed tambi\u00e9n de las contaminaciones de efecto nocivos, lo que hace del parque uno de los mejores lugares del mundo para la observaci\u00f3n de los astros.<\/p>\n<p style=\"text-align: justify;\">\n<p style=\"text-align: justify;\">\n<p style=\"text-align: justify;\">\nSe han instalado dos observatorios: el Complejo Astron\u00f3mico El Leoncito (CASLEO), que cuenta con una avanzada tecnolog\u00eda, y el Observatorio Astron\u00f3mico Dr. Carlos U. Cesco donde el visitante puede acceder a charlas y visitas guiadas.<\/p>\n<p style=\"text-align: justify;\">\n<p style=\"text-align: justify;\">\nPara solicitar las mismas, las escuelas y otras instituciones deben comunicarse al TE: 02648-441240 o por e-mail a elleoncito@apn.gov.ar<\/p>\n<p style=\"text-align: justify;\">\n","protected":false},"excerpt":{"rendered":"<p>El Parque Nacional El Leoncito se encuentra en el departamento Calingasta a 245 Km y al sudoeste de San Juan (capital) y a 35 km. de la localidad de Barreal. &nbsp; Fue designado como Reserva Natural Estricta en el a\u00f1o &hellip; <a href=\"https:\/\/bmxsanjuan.com.ar\/wordpress\/turismo-cientifico\/\">Continuar<\/a><\/p>\n","protected":false},"author":1,"featured_media":0,"parent":0,"menu_order":0,"comment_status":"closed","ping_status":"closed","template":"","meta":{"jetpack_post_was_ever_published":false},"jetpack_sharing_enabled":true,"jetpack_shortlink":"https:\/\/wp.me\/P7EmwP-9C","_links":{"self":[{"href":"https:\/\/bmxsanjuan.com.ar\/wordpress\/wp-json\/wp\/v2\/pages\/596"}],"collection":[{"href":"https:\/\/bmxsanjuan.com.ar\/wordpress\/wp-json\/wp\/v2\/pages"}],"about":[{"href":"https:\/\/bmxsanjuan.com.ar\/wordpress\/wp-json\/wp\/v2\/types\/page"}],"author":[{"embeddable":true,"href":"https:\/\/bmxsanjuan.com.ar\/wordpress\/wp-json\/wp\/v2\/users\/1"}],"replies":[{"embeddable":true,"href":"https:\/\/bmxsanjuan.com.ar\/wordpress\/wp-json\/wp\/v2\/comments?post=596"}],"version-history":[{"count":4,"href":"https:\/\/bmxsanjuan.com.ar\/wordpress\/wp-json\/wp\/v2\/pages\/596\/revisions"}],"predecessor-version":[{"id":601,"href":"https:\/\/bmxsanjuan.com.ar\/wordpress\/wp-json\/wp\/v2\/pages\/596\/revisions\/601"}],"wp:attachment":[{"href":"https:\/\/bmxsanjuan.com.ar\/wordpress\/wp-json\/wp\/v2\/media?parent=596"}],"curies":[{"name":"wp","href":"https:\/\/api.w.org\/{rel}","templated":true}]}}