{"id":575,"date":"2015-12-03T23:01:23","date_gmt":"2015-12-04T02:01:23","guid":{"rendered":"http:\/\/bmxsanjuan.com.ar\/wordpress\/?page_id=575"},"modified":"2015-12-06T03:30:39","modified_gmt":"2015-12-06T06:30:39","slug":"rios-valles-y-montanas","status":"publish","type":"page","link":"https:\/\/bmxsanjuan.com.ar\/wordpress\/rios-valles-y-montanas\/","title":{"rendered":"Circuito Oeste"},"content":{"rendered":"<h2><\/h2>\n<p>&nbsp;<\/p>\n<table style=\"height: 257px;\" width=\"374\">\n<tbody>\n<tr>\n<td width=\"105\"><span style=\"text-decoration: underline;\"><strong>Zona Oeste<\/strong><\/span><\/td>\n<td width=\"57\"><span style=\"text-decoration: underline;\"><strong>Distancia<\/strong><\/span><\/td>\n<td width=\"49\"><span style=\"text-decoration: underline;\"><strong>Tiempo<\/strong><\/span><\/td>\n<td width=\"72\"><span style=\"text-decoration: underline;\"><strong>Altura(snm)<\/strong><\/span><\/td>\n<\/tr>\n<tr>\n<td><span style=\"color: #ff0000;\">El Palque<\/span><\/td>\n<td><span style=\"color: #ff0000;\">89km<\/span><\/td>\n<td><span style=\"color: #ff0000;\">1:10hs<\/span><\/td>\n<td><span style=\"color: #ff0000;\">1.365mts<\/span><\/td>\n<\/tr>\n<tr>\n<td><span style=\"color: #ff0000;\">Calingasta<\/span><\/td>\n<td><span style=\"color: #ff0000;\">135km<\/span><\/td>\n<td><span style=\"color: #ff0000;\">2:30hs<\/span><\/td>\n<td><span style=\"color: #ff0000;\">1.375mts<\/span><\/td>\n<\/tr>\n<tr>\n<td><span style=\"color: #ff0000;\">Barreal<\/span><\/td>\n<td><span style=\"color: #ff0000;\">172km<\/span><\/td>\n<td><span style=\"color: #ff0000;\">2:45hs<\/span><\/td>\n<td><span style=\"color: #ff0000;\">1.650mts<\/span><\/td>\n<\/tr>\n<tr>\n<td><span style=\"color: #ff0000;\">El Leoncito<\/span><\/td>\n<td><span style=\"color: #ff0000;\">192km<\/span><\/td>\n<td><span style=\"color: #ff0000;\">2:55hs<\/span><\/td>\n<td><span style=\"color: #ff0000;\">1.720mts<\/span><\/td>\n<\/tr>\n<tr>\n<td><span style=\"color: #ff0000;\">Obs.Astron\u00f3mico<\/span><\/td>\n<td><span style=\"color: #ff0000;\">206km<\/span><\/td>\n<td><span style=\"color: #ff0000;\">3:00hs<\/span><\/td>\n<td><span style=\"color: #ff0000;\">2.411mts<\/span><\/td>\n<\/tr>\n<\/tbody>\n<\/table>\n<p style=\"text-align: justify;\">\n<p style=\"text-align: justify;\">En este valle enclavado entre la cordillera frontal y la pre-cordillera, se han desarrollado tres ciudades con identidades bien definidas: Calingasta, eminentemente minera, Tamberias agr\u00edcolas y Barreal Tur\u00edstica. Es un lugar privilegiados\u00a0 para los paseos: a pie, a caballo, en 4&#215;4 por la cordillera. Tambi\u00e9n el carrovelismo en el Barreal Blanco, forma parte de sus singularidades.<\/p>\n<p style=\"text-align: justify;\">\n<p style=\"text-align: justify;\">Sugestivo e interesante por su enorme potencial econ\u00f3mico, su excepcional clima, sus maravillas naturales, sus picos nevados, su riqueza ict\u00edcola, su rico pasado ind\u00edgena y la mejor tecnolog\u00eda puesta al servicio de la astronom\u00eda mundial lo convierten en un lugar de ensue\u00f1o.<\/p>\n<figure id=\"attachment_576\" class=\"thumbnail wp-caption alignleft\" style=\"width: 240px\"><a href=\"http:\/\/bmxsanjuan.com.ar\/wordpress\/wp-content\/uploads\/2015\/12\/HotelBarrial.jpg\" data-rel=\"lightbox\"><img decoding=\"async\" loading=\"lazy\" class=\"size-full wp-image-576\" src=\"http:\/\/bmxsanjuan.com.ar\/wordpress\/wp-content\/uploads\/2015\/12\/HotelBarrial.jpg\" alt=\"Hotel Barrial\" width=\"240\" height=\"178\" \/><\/a><figcaption class=\"caption wp-caption-text\"><span style=\"font-size: 8pt; color: #008080;\">Hotel Barrial<\/span><\/figcaption><\/figure>\n<figure id=\"attachment_586\" class=\"thumbnail wp-caption alignright\" style=\"width: 255px\"><a href=\"http:\/\/bmxsanjuan.com.ar\/wordpress\/wp-content\/uploads\/2015\/12\/caba\u00f1as-barreal.jpg\" data-rel=\"lightbox\"><img decoding=\"async\" loading=\"lazy\" class=\"wp-image-586\" src=\"http:\/\/bmxsanjuan.com.ar\/wordpress\/wp-content\/uploads\/2015\/12\/caba\u00f1as-barreal.jpg\" alt=\"caba\u00f1as barreal\" width=\"255\" height=\"180\" srcset=\"https:\/\/bmxsanjuan.com.ar\/wordpress\/wp-content\/uploads\/2015\/12\/caba\u00f1as-barreal.jpg 350w, https:\/\/bmxsanjuan.com.ar\/wordpress\/wp-content\/uploads\/2015\/12\/caba\u00f1as-barreal-300x212.jpg 300w\" sizes=\"(max-width: 255px) 100vw, 255px\" \/><\/a><figcaption class=\"caption wp-caption-text\"><span style=\"font-size: 8pt; color: #008080;\">Caba\u00f1as Barreal<\/span><\/figcaption><\/figure>\n<p style=\"text-align: justify;\">En las villas de Calingasta y Barreal se cuenta con todos los servicios b\u00e1sicos: excelente hoteler\u00eda, comedores, entretenimientos, la variada opci\u00f3n de disfrutar de inolvidables cabalgatas y caminatas entre cerros y frondosas alamedas e incursiones en la apasionada actividad de la pesca deportiva o admirar la panor\u00e1mica de los m\u00e1s altos cordones andinos.<\/p>\n<p>&nbsp;<\/p>\n<p>Sitios de singular atracci\u00f3n, lo constituyen, entre otros el \u201cBarreal Blanco de El Leoncito\u201d, fondo sedimentado de una antiqu\u00edsima cuenca lacustre, cuyas caracter\u00edsticas lo han convertido en una pista apta para la pr\u00e1ctica de deportes no convencionales, tales\u00a0<a href=\"http:\/\/bmxsanjuan.com.ar\/wordpress\/wp-content\/uploads\/2015\/12\/calisgasta.jpg\" data-rel=\"lightbox\"><img decoding=\"async\" loading=\"lazy\" class=\"size-full wp-image-583 alignright\" src=\"http:\/\/bmxsanjuan.com.ar\/wordpress\/wp-content\/uploads\/2015\/12\/calisgasta.jpg\" alt=\"calisgasta\" width=\"290\" height=\"132\" \/><\/a>como los desert games y el carrovelismo, favorecido \u00e9ste por los fuertes y constantes vientos que soplan en la zona, teniendo como tel\u00f3n de fondo la imponente presencia del m\u00e1s alto Cerro sanjuanino: el Mercedario (6.770 m.).<\/p>\n<p style=\"text-align: justify;\"><a href=\"http:\/\/bmxsanjuan.com.ar\/wordpress\/wp-content\/uploads\/2015\/12\/LeoOBserv.jpg\" data-rel=\"lightbox\"><img decoding=\"async\" loading=\"lazy\" class=\" wp-image-587 alignleft\" src=\"http:\/\/bmxsanjuan.com.ar\/wordpress\/wp-content\/uploads\/2015\/12\/LeoOBserv.jpg\" alt=\"LeoOBserv\" width=\"218\" height=\"168\" srcset=\"https:\/\/bmxsanjuan.com.ar\/wordpress\/wp-content\/uploads\/2015\/12\/LeoOBserv.jpg 481w, https:\/\/bmxsanjuan.com.ar\/wordpress\/wp-content\/uploads\/2015\/12\/LeoOBserv-300x231.jpg 300w\" sizes=\"(max-width: 218px) 100vw, 218px\" \/><\/a><\/p>\n<p style=\"text-align: justify;\">\n<p style=\"text-align: justify;\">\n<p style=\"text-align: justify;\">La Reserva Natural Estricta El Leoncito bajo la tutela de la Administraci\u00f3n de Parques Nacionales, aloja, entre sus innumerables atractivos, el Complejo Astron\u00f3mico el Leoncito a 2.250 m.s.n.m. cuyas instalaciones han merecido el reconocimiento a nivel internacional y ofrece, debido a la diafanidad de la atm\u00f3sfera, la observaci\u00f3n astral en un promedio de 275 noches anuales.<\/p>\n<p style=\"text-align: justify;\">\n<p>&nbsp;<\/p>\n<p style=\"text-align: justify;\">El Refugio de Vida Silvestre Los Morrillos, \u00e1rea natural protegida de car\u00e1cter privado, se halla<a href=\"http:\/\/bmxsanjuan.com.ar\/wordpress\/wp-content\/uploads\/2015\/12\/Guanaco.jpg\" data-rel=\"lightbox\"><img decoding=\"async\" loading=\"lazy\" class=\" wp-image-589 alignright\" src=\"http:\/\/bmxsanjuan.com.ar\/wordpress\/wp-content\/uploads\/2015\/12\/Guanaco.jpg\" alt=\"Guanaco\" width=\"245\" height=\"117\" srcset=\"https:\/\/bmxsanjuan.com.ar\/wordpress\/wp-content\/uploads\/2015\/12\/Guanaco.jpg 326w, https:\/\/bmxsanjuan.com.ar\/wordpress\/wp-content\/uploads\/2015\/12\/Guanaco-300x144.jpg 300w\" sizes=\"(max-width: 245px) 100vw, 245px\" \/><\/a> al pi\u00e9 de la Cordillera de Ansilta a 3.000 m.s.n.m.. Es posible admirar la flora y fauna de los ambientes pune\u00f1o y altoandino donde se observan, entre otros, a suris cordilleranos (\u00f1and\u00faes) y <a href=\"http:\/\/bmxsanjuan.com.ar\/wordpress\/wp-content\/uploads\/2015\/12\/pinturas_de_Los_Morrillos.jpg\" data-rel=\"lightbox\"><img decoding=\"async\" loading=\"lazy\" class=\"wp-image-590 alignleft\" src=\"http:\/\/bmxsanjuan.com.ar\/wordpress\/wp-content\/uploads\/2015\/12\/pinturas_de_Los_Morrillos.jpg\" alt=\"pinturas_de_Los_Morrillos\" width=\"239\" height=\"179\" srcset=\"https:\/\/bmxsanjuan.com.ar\/wordpress\/wp-content\/uploads\/2015\/12\/pinturas_de_Los_Morrillos.jpg 614w, https:\/\/bmxsanjuan.com.ar\/wordpress\/wp-content\/uploads\/2015\/12\/pinturas_de_Los_Morrillos-300x225.jpg 300w\" sizes=\"(max-width: 239px) 100vw, 239px\" \/><\/a>manadas de guanacos. Adem\u00e1s es reserva arqueol\u00f3gica ya que el sitio fue habitado por diferentes culturas ind\u00edgenas, dejando huellas de paso a trav\u00e9s de pinturas rupestres, petroglifos, graneros, etc. .<\/p>\n<p style=\"text-align: justify;\">\n<p style=\"text-align: justify;\">\n<p style=\"text-align: justify;\">A 60 km. al sur de Barreal se accede a Las Hornillas, sitio hist\u00f3rico que fuera testigo del paso del Ej\u00e9rcito Libertador al mando del General San Mart\u00edn en el a\u00f1o 1817. El lugar exhibe uno de los paisajes m\u00e1s bellos de la provincia enclavado entre los cerros cordilleranos y a orillas del R\u00edo de Los Patos.<\/p>\n<p style=\"text-align: justify;\">\n<p style=\"text-align: justify;\">\n<p style=\"text-align: justify;\">Actualmente se halla un refugio con c\u00f3modas instalaciones a cargo de la Universidad Nacional de San Juan.<\/p>\n<p style=\"text-align: justify;\"><a href=\"http:\/\/bmxsanjuan.com.ar\/wordpress\/wp-content\/uploads\/2015\/12\/manantiales-barreal.jpg\" data-rel=\"lightbox\"><img decoding=\"async\" loading=\"lazy\" class=\"wp-image-593 alignleft\" src=\"http:\/\/bmxsanjuan.com.ar\/wordpress\/wp-content\/uploads\/2015\/12\/manantiales-barreal.jpg\" alt=\"manantiales barreal\" width=\"252\" height=\"112\" srcset=\"https:\/\/bmxsanjuan.com.ar\/wordpress\/wp-content\/uploads\/2015\/12\/manantiales-barreal.jpg 600w, https:\/\/bmxsanjuan.com.ar\/wordpress\/wp-content\/uploads\/2015\/12\/manantiales-barreal-300x134.jpg 300w\" sizes=\"(max-width: 252px) 100vw, 252px\" \/><\/a><\/p>\n<p style=\"text-align: justify;\">\n<p style=\"text-align: justify;\">A escasos kil\u00f3metros hacia el oeste se emplaza la Estancia Manantiales, extenso campo de nieve apto para la pr\u00e1ctica de esqu\u00ed. El lugar cuenta con un refugio y comodidades b\u00e1sicas, que utilizan los m\u00e1s osados y amantes de este deporte de invierno.<\/p>\n","protected":false},"excerpt":{"rendered":"<p>&nbsp; Zona Oeste Distancia Tiempo Altura(snm) El Palque 89km 1:10hs 1.365mts Calingasta 135km 2:30hs 1.375mts Barreal 172km 2:45hs 1.650mts El Leoncito 192km 2:55hs 1.720mts Obs.Astron\u00f3mico 206km 3:00hs 2.411mts En este valle enclavado entre la cordillera frontal y la pre-cordillera, se &hellip; <a href=\"https:\/\/bmxsanjuan.com.ar\/wordpress\/rios-valles-y-montanas\/\">Continuar<\/a><\/p>\n","protected":false},"author":1,"featured_media":0,"parent":0,"menu_order":0,"comment_status":"closed","ping_status":"closed","template":"","meta":{"jetpack_post_was_ever_published":false},"jetpack_sharing_enabled":true,"jetpack_shortlink":"https:\/\/wp.me\/P7EmwP-9h","_links":{"self":[{"href":"https:\/\/bmxsanjuan.com.ar\/wordpress\/wp-json\/wp\/v2\/pages\/575"}],"collection":[{"href":"https:\/\/bmxsanjuan.com.ar\/wordpress\/wp-json\/wp\/v2\/pages"}],"about":[{"href":"https:\/\/bmxsanjuan.com.ar\/wordpress\/wp-json\/wp\/v2\/types\/page"}],"author":[{"embeddable":true,"href":"https:\/\/bmxsanjuan.com.ar\/wordpress\/wp-json\/wp\/v2\/users\/1"}],"replies":[{"embeddable":true,"href":"https:\/\/bmxsanjuan.com.ar\/wordpress\/wp-json\/wp\/v2\/comments?post=575"}],"version-history":[{"count":14,"href":"https:\/\/bmxsanjuan.com.ar\/wordpress\/wp-json\/wp\/v2\/pages\/575\/revisions"}],"predecessor-version":[{"id":594,"href":"https:\/\/bmxsanjuan.com.ar\/wordpress\/wp-json\/wp\/v2\/pages\/575\/revisions\/594"}],"wp:attachment":[{"href":"https:\/\/bmxsanjuan.com.ar\/wordpress\/wp-json\/wp\/v2\/media?parent=575"}],"curies":[{"name":"wp","href":"https:\/\/api.w.org\/{rel}","templated":true}]}}