{"id":561,"date":"2015-12-03T13:40:39","date_gmt":"2015-12-03T16:40:39","guid":{"rendered":"http:\/\/bmxsanjuan.com.ar\/wordpress\/?page_id=561"},"modified":"2015-12-07T21:15:06","modified_gmt":"2015-12-08T00:15:06","slug":"san-juan","status":"publish","type":"page","link":"https:\/\/bmxsanjuan.com.ar\/wordpress\/san-juan\/","title":{"rendered":"San Juan"},"content":{"rendered":"<p style=\"text-align: center;\"><span style=\"font-size: 14pt;\"><strong><span style=\"color: #0000ff;\">San Juan tiene m\u00e1s de lo que usted imagina<\/span><\/strong>.<\/span><\/p>\n<p>&nbsp;<\/p>\n<figure id=\"attachment_568\" class=\"thumbnail wp-caption alignleft\" style=\"width: 258px\"><a href=\"http:\/\/bmxsanjuan.com.ar\/wordpress\/wp-content\/uploads\/2015\/12\/alcazar.jpg\" data-rel=\"lightbox\"><img decoding=\"async\" loading=\"lazy\" class=\"wp-image-568\" src=\"http:\/\/bmxsanjuan.com.ar\/wordpress\/wp-content\/uploads\/2015\/12\/alcazar.jpg\" alt=\"\" width=\"258\" height=\"302\" srcset=\"https:\/\/bmxsanjuan.com.ar\/wordpress\/wp-content\/uploads\/2015\/12\/alcazar.jpg 414w, https:\/\/bmxsanjuan.com.ar\/wordpress\/wp-content\/uploads\/2015\/12\/alcazar-257x300.jpg 257w\" sizes=\"(max-width: 258px) 100vw, 258px\" \/><\/a><figcaption class=\"caption wp-caption-text\"><span style=\"font-size: 8pt;\">Cerro El Alcazar<\/span><\/figcaption><\/figure>\n<p>Descubrirlo ser\u00e1, sin duda, una experiencia inolvidable.<\/p>\n<p style=\"text-align: justify;\">Ser\u00e1 encontrar bajo uno de los cielos m\u00e1s claros del mundo, la fuerza pr\u00f3diga de la naturaleza, el sosiego inm\u00f3vil de sus imponentes monta\u00f1as, pintorescos y frondosos valles, su excelente clima donde el sol sanjuanino derrama generosamente sus c\u00e1lidos y saludables rayos.<\/p>\n<p style=\"text-align: justify;\">Recibir\u00e1 en pleno rostro la sensaci\u00f3n inolvidable de la amistad generosa brindada sin reservas, como lo sabe hacer un pueblo sencillo y noble como las vides que cultiva.<\/p>\n<p style=\"text-align: justify;\">Cuando la belleza del paisaje y los valores humanos se apoderen de su esp\u00edritu, le ser\u00e1 dif\u00edcil irse, pero si lo logra, sabemos que volver\u00e1.<\/p>\n<p style=\"text-align: justify;\">Nuestra Provincia se encuentra en el Continente Americano, mas precisamente en Am\u00e9rica del Sur, al oeste de la Rep\u00fablica Argentina, centrada en la intersecci\u00f3n del paralelo de 31 grados de latitud sur y el meridiano de 69 grados de longitud oeste, con una superficie de 92.789 kil\u00f3metros cuadrados, seg\u00fan datos de la Direcci\u00f3n Provincial de Catastro.<\/p>\n<p>&nbsp;<\/p>\n<p style=\"text-align: center;\"><span style=\"color: #0000ff; font-size: 14pt;\"><strong>Datos Generales<\/strong><\/span><\/p>\n<p>&nbsp;<\/p>\n<p>Poblaci\u00f3n: 738.959\u00a0habitantes.<br \/>\nAltura sobre el nivel del mar: 650 metros.<br \/>\nTemperatura m\u00e1xima media: 25.30 grados cent\u00edgrados.<img decoding=\"async\" loading=\"lazy\" class=\"wp-image-570 alignright\" src=\"http:\/\/bmxsanjuan.com.ar\/wordpress\/wp-content\/uploads\/2015\/12\/image004.jpg\" alt=\"image004\" width=\"238\" height=\"418\" srcset=\"https:\/\/bmxsanjuan.com.ar\/wordpress\/wp-content\/uploads\/2015\/12\/image004.jpg 326w, https:\/\/bmxsanjuan.com.ar\/wordpress\/wp-content\/uploads\/2015\/12\/image004-171x300.jpg 171w\" sizes=\"(max-width: 238px) 100vw, 238px\" \/><br \/>\nTemperatura m\u00ednima media: 9.60 grados cent\u00edgrados.<br \/>\nHumedad relativa media: 54%.<br \/>\nPrecipitaci\u00f3n media: 92.7 mm.<br \/>\nHeliofan\u00eda efectiva: 7.9 horas.<br \/>\nVientos: Sud Este &#8211; Nor Este &#8211; Zona (oeste).<\/p>\n<p>&nbsp;<\/p>\n<p style=\"text-align: justify;\">Del total de su superficie, aproximadamente el 10% est\u00e1 constituido por tierras aptas para la subsistencia del hombre. El resto corresponde a terrazas escalonadas con orientaci\u00f3n este &#8211; oeste, y diversos tipos de estrivaciones que al oeste llegan hasta la precordillera y luego se rematan en el gran macizo Andino. Sus zonas naturales son fundamentalmente cuatro, a saber: Valle de Tul\u00fan, Zona del R\u00edo J\u00e1chal, Zona de los altos Valles Andinos y Zona de Valle F\u00e9rtil.<\/p>\n<p style=\"text-align: justify;\">La industria m\u00e1s importante de la provincia es la vitivinicultura y sus derivados (jugos concentrados, jugos de uva, mostos), tambi\u00e9n existe una importante producci\u00f3n de ciruelas, damascos, duraznos, etc.; derivados del olivo (aceite de oliva, aceitunas para conservas); calvados (caldos de manzanas para la obtenci\u00f3n de sidra); algod\u00f3n de fibra mediana y larga, cebolla de exportaci\u00f3n y todos los cultivos t\u00edpicos de las chacras. Es importante la calidad de la alfalfa obtenida a lo largo del oeste de San Juan y la producci\u00f3n de distintas variedades de semillas.<\/p>\n<figure id=\"attachment_572\" class=\"thumbnail wp-caption alignleft\" style=\"width: 399px\"><a href=\"http:\/\/bmxsanjuan.com.ar\/wordpress\/wp-content\/uploads\/2015\/12\/Mercedario.jpg\" data-rel=\"lightbox\"><img decoding=\"async\" loading=\"lazy\" class=\"size-full wp-image-572\" src=\"http:\/\/bmxsanjuan.com.ar\/wordpress\/wp-content\/uploads\/2015\/12\/Mercedario.jpg\" alt=\"El Mercedario\" width=\"399\" height=\"273\" srcset=\"https:\/\/bmxsanjuan.com.ar\/wordpress\/wp-content\/uploads\/2015\/12\/Mercedario.jpg 399w, https:\/\/bmxsanjuan.com.ar\/wordpress\/wp-content\/uploads\/2015\/12\/Mercedario-300x205.jpg 300w\" sizes=\"(max-width: 399px) 100vw, 399px\" \/><\/a><figcaption class=\"caption wp-caption-text\"><span style=\"font-size: 8pt; color: #ff0000;\">El Mercedario<\/span><\/figcaption><\/figure>\n<p style=\"text-align: justify;\">Sus monta\u00f1as que ocupan las dos tercias partes de su territorio, guardan en sus entra\u00f1as enormes posibilidades de explotaci\u00f3n minera, actividad \u00e9sta que se halla en gran auge debido a las importantes inversiones de capitales extranjeros que est\u00e1n llegando a la Provincia, encontr\u00e1ndose en una etapa de exploraci\u00f3n.<\/p>\n<p style=\"text-align: justify;\">. El Valle de Tulum, concentra casi la totalidad de la actividad econ\u00f3mica de la Provincia, constituyendo el mayor asentamiento poblacional. Su existencia como unidad de trabajo, su vida vegetal y humana, su potencial econ\u00f3mico y hasta sus posibilidades de crecimiento, dependen del aprovechamiento racional e intensivo del R\u00edo San Juan, de los sistemas de riego artificial, de la explotaci\u00f3n minera en un futuro no muy lejano y es nuestro deseo que el turismo se incorpore en el mediano plazo, como una alternativa en el desarrollo socioecon\u00f3mico de la Provincia.<\/p>\n<p><span style=\"color: #0000ff;\"><strong>RESUMEN HISTORICO<\/strong><\/span><\/p>\n<p style=\"text-align: justify;\">A la llegada del conquistador , estas tierras estaban pobladas por varios pueblos ind\u00edgenas, que estaban influenciados culturalmente por los incas.\u00a0Los Huarpes habitaron en el sur provincial, los olongastas lo hicieron en el nordeste, mientras que en el norte vivieron los capayanes y yacampis.<\/p>\n<p style=\"text-align: justify;\"><a href=\"http:\/\/bmxsanjuan.com.ar\/wordpress\/wp-content\/uploads\/2015\/12\/csarmiento1.jpg\" data-rel=\"lightbox\"><img decoding=\"async\" loading=\"lazy\" class=\" wp-image-657 alignleft\" src=\"http:\/\/bmxsanjuan.com.ar\/wordpress\/wp-content\/uploads\/2015\/12\/csarmiento1.jpg\" alt=\"csarmiento\" width=\"259\" height=\"175\" srcset=\"https:\/\/bmxsanjuan.com.ar\/wordpress\/wp-content\/uploads\/2015\/12\/csarmiento1.jpg 314w, https:\/\/bmxsanjuan.com.ar\/wordpress\/wp-content\/uploads\/2015\/12\/csarmiento1-300x203.jpg 300w\" sizes=\"(max-width: 259px) 100vw, 259px\" \/><\/a>La corriente colonizadora proveniente de Chile lleg\u00f3 a tierras sanjuaninas al inicio de la segunda mitad del siglo XVI . El 13 de junio de 1562 , Juan Jufr\u00e9 fund\u00f3 a orillas del r\u00edo San Juan el asentamiento que con el tiempo se convertir\u00eda en la capital provincial.<\/p>\n<p style=\"text-align: justify;\">\n<p style=\"text-align: justify;\">\n<p style=\"text-align: justify;\">En l594, la poblaci\u00f3n fue traslada por Luis Jufr\u00e9, hijo del fundador, al lugar que es su actual emplazamiento. Desde el comienzo de la etapa colonial San Juan estuvo bajo la jurisdicci\u00f3n de la Capitan\u00eda General de Chile, hasta la creaci\u00f3n del Virreinato del R\u00edo de la Plata en 1776. Es en esta \u00e9poca cuando San Juan comienza a integrarse de una manera m\u00e1s efectiva con el resto del pa\u00eds.<\/p>\n<p style=\"text-align: justify;\">\n<figure id=\"attachment_659\" class=\"thumbnail wp-caption aligncenter\" style=\"width: 240px\"><a href=\"http:\/\/bmxsanjuan.com.ar\/wordpress\/wp-content\/uploads\/2015\/12\/casanatal.jpg\" data-rel=\"lightbox\"><img decoding=\"async\" loading=\"lazy\" class=\" wp-image-659\" src=\"http:\/\/bmxsanjuan.com.ar\/wordpress\/wp-content\/uploads\/2015\/12\/casanatal.jpg\" alt=\"Casa de Sarmineto\" width=\"240\" height=\"191\" srcset=\"https:\/\/bmxsanjuan.com.ar\/wordpress\/wp-content\/uploads\/2015\/12\/casanatal.jpg 378w, https:\/\/bmxsanjuan.com.ar\/wordpress\/wp-content\/uploads\/2015\/12\/casanatal-300x239.jpg 300w\" sizes=\"(max-width: 240px) 100vw, 240px\" \/><\/a><figcaption class=\"caption wp-caption-text\"><span style=\"font-size: 8pt; color: #008000;\">Casa de Sarmineto<\/span><\/figcaption><\/figure>\n<p style=\"text-align: justify;\">El virreinato rioplatense se organiz\u00f3 en ocho Intendencias, una de las cuales era C\u00f3rdoba del Tucum\u00e1n .Esta Intendencia abarcaba aproximadamente las actuales provincias de San Juan, Mendoza, San Luis, La Rioja y C\u00f3rdoba, hasta que en 1813 la Junta de Buenos Aires estableci\u00f3 la segregaci\u00f3n de los territorios cuyanos. Hacia l820 San Juan se separ\u00f3 de la Gobernaci\u00f3n de Cuyo comenzando de \u00e9sta forma su autonom\u00eda pol\u00edtica .La organizaci\u00f3n pol\u00edtica interna de la provincia ha pasado por diversas alternativas variando el n\u00famero de departamentos hasta llegar en la actualidad a un total de diecinueve.<\/p>\n","protected":false},"excerpt":{"rendered":"<p>San Juan tiene m\u00e1s de lo que usted imagina. &nbsp; Descubrirlo ser\u00e1, sin duda, una experiencia inolvidable. Ser\u00e1 encontrar bajo uno de los cielos m\u00e1s claros del mundo, la fuerza pr\u00f3diga de la naturaleza, el sosiego inm\u00f3vil de sus imponentes &hellip; <a href=\"https:\/\/bmxsanjuan.com.ar\/wordpress\/san-juan\/\">Continuar<\/a><\/p>\n","protected":false},"author":1,"featured_media":0,"parent":0,"menu_order":0,"comment_status":"closed","ping_status":"closed","template":"","meta":{"jetpack_post_was_ever_published":false},"jetpack_sharing_enabled":true,"jetpack_shortlink":"https:\/\/wp.me\/P7EmwP-93","_links":{"self":[{"href":"https:\/\/bmxsanjuan.com.ar\/wordpress\/wp-json\/wp\/v2\/pages\/561"}],"collection":[{"href":"https:\/\/bmxsanjuan.com.ar\/wordpress\/wp-json\/wp\/v2\/pages"}],"about":[{"href":"https:\/\/bmxsanjuan.com.ar\/wordpress\/wp-json\/wp\/v2\/types\/page"}],"author":[{"embeddable":true,"href":"https:\/\/bmxsanjuan.com.ar\/wordpress\/wp-json\/wp\/v2\/users\/1"}],"replies":[{"embeddable":true,"href":"https:\/\/bmxsanjuan.com.ar\/wordpress\/wp-json\/wp\/v2\/comments?post=561"}],"version-history":[{"count":7,"href":"https:\/\/bmxsanjuan.com.ar\/wordpress\/wp-json\/wp\/v2\/pages\/561\/revisions"}],"predecessor-version":[{"id":660,"href":"https:\/\/bmxsanjuan.com.ar\/wordpress\/wp-json\/wp\/v2\/pages\/561\/revisions\/660"}],"wp:attachment":[{"href":"https:\/\/bmxsanjuan.com.ar\/wordpress\/wp-json\/wp\/v2\/media?parent=561"}],"curies":[{"name":"wp","href":"https:\/\/api.w.org\/{rel}","templated":true}]}}