{"id":517,"date":"2015-11-27T03:41:41","date_gmt":"2015-11-27T06:41:41","guid":{"rendered":"http:\/\/bmxsanjuan.com.ar\/wordpress\/?page_id=517"},"modified":"2015-11-27T20:57:29","modified_gmt":"2015-11-27T23:57:29","slug":"jjoo-londres-2012","status":"publish","type":"page","link":"https:\/\/bmxsanjuan.com.ar\/wordpress\/jjoo-londres-2012\/","title":{"rendered":"JJOO Londres 2012"},"content":{"rendered":"<p style=\"text-align: left;\">\u00a0 \u00a0 \u00a0 \u00a0 \u00a0 \u00a0 \u00a0 \u00a0 \u00a0 \u00a0 \u00a0 \u00a0 \u00a0 \u00a0 \u00a0 \u00a0 \u00a0 \u00a0\u00a0<a href=\"http:\/\/bmxsanjuan.com.ar\/wordpress\/wp-content\/uploads\/2015\/11\/BMX-londres-2012.jpg\" data-rel=\"lightbox\"><img decoding=\"async\" loading=\"lazy\" class=\"wp-image-519 alignleft\" src=\"http:\/\/bmxsanjuan.com.ar\/wordpress\/wp-content\/uploads\/2015\/11\/BMX-londres-2012.jpg\" alt=\"BMX londres 2012\" width=\"375\" height=\"224\" srcset=\"https:\/\/bmxsanjuan.com.ar\/wordpress\/wp-content\/uploads\/2015\/11\/BMX-londres-2012.jpg 640w, https:\/\/bmxsanjuan.com.ar\/wordpress\/wp-content\/uploads\/2015\/11\/BMX-londres-2012-300x179.jpg 300w\" sizes=\"(max-width: 375px) 100vw, 375px\" \/><\/a><span style=\"color: #800080;\"><strong>BMX<\/strong><\/span><\/p>\n<p><strong>Sede<\/strong>: Olympic Park \u2013 BMX Track<\/p>\n<p><strong>Capacidad<\/strong>: 6.000 espectadores.<\/p>\n<p><strong>Fechas<\/strong>: Del 8 al 10 de Agosto de 2012<\/p>\n<p><strong>Medallas<\/strong>: Dos (una para hombres y otra para mujeres)<\/p>\n<p><strong>Atletas<\/strong>: 48 (32 hombres y 16 mujeres)<\/p>\n<p>Aunque la UCI hab\u00eda integrado esta modalidad en 1993, fue en Pek\u00edn 2008 cuando este deporte fue ol\u00edmpico y all\u00ed ganaron Maris Strombergs (Letonia) y de Anne-Caroline Chausson (Francia).<\/p>\n<p>&nbsp;<\/p>\n<p style=\"text-align: center;\"><span style=\"color: #008080; background-color: #ffffff;\"><strong>FINAL: MEN ELITE<\/strong><\/span><\/p>\n<p>&nbsp;<\/p>\n<table width=\"613\">\n<tbody>\n<tr>\n<td style=\"text-align: center;\" width=\"87\"><span style=\"color: #000080;\"><strong>Puesto<\/strong><\/span><\/td>\n<td style=\"text-align: center;\" width=\"74\"><span style=\"color: #000080;\"><strong>Placa No.<\/strong><\/span><\/td>\n<td style=\"text-align: center;\" width=\"29\"><span style=\"color: #000080;\"><strong>\u00a0<\/strong><\/span><\/td>\n<td style=\"text-align: center;\" width=\"212\"><span style=\"color: #000080;\"><strong>Piloto<\/strong><\/span><\/td>\n<td style=\"text-align: center;\" width=\"100\"><span style=\"color: #000080;\"><strong>Tiempo<\/strong><\/span><\/td>\n<td style=\"text-align: center;\" width=\"111\"><span style=\"color: #000080;\"><strong>Dif<\/strong><\/span><\/td>\n<\/tr>\n<tr>\n<td style=\"text-align: center;\" width=\"87\"><span style=\"color: #0000ff;\"><strong>1<\/strong><\/span><\/td>\n<td style=\"text-align: center;\" width=\"74\"><span style=\"color: #0000ff;\"><strong>81<\/strong><\/span><\/td>\n<td width=\"29\"><span style=\"color: #0000ff;\">\u00a0<\/span><\/td>\n<td width=\"212\"><span style=\"color: #0000ff;\"><strong>\u00a0STROMBERGS Maris<\/strong><\/span><\/td>\n<td style=\"text-align: center;\" width=\"100\"><span style=\"color: #0000ff;\"><strong>37.576<\/strong><\/span><\/td>\n<td style=\"text-align: center;\" width=\"111\"><span style=\"color: #0000ff;\"><strong>&#8211;<\/strong><\/span><\/td>\n<\/tr>\n<tr>\n<td style=\"text-align: center;\" width=\"87\"><span style=\"color: #339966;\"><strong>2<\/strong><\/span><\/td>\n<td style=\"text-align: center;\" width=\"74\"><span style=\"color: #339966;\"><strong>1<\/strong><\/span><\/td>\n<td width=\"29\"><span style=\"color: #339966;\">\u00a0<\/span><\/td>\n<td width=\"212\"><span style=\"color: #339966;\"><strong>\u00a0WILLOUGHBY Sam<\/strong><\/span><\/td>\n<td style=\"text-align: center;\" width=\"100\"><span style=\"color: #339966;\"><strong>37.929<\/strong><\/span><\/td>\n<td style=\"text-align: center;\" width=\"111\"><span style=\"color: #339966;\"><strong>+0.353<\/strong><\/span><\/td>\n<\/tr>\n<tr>\n<td style=\"text-align: center;\" width=\"87\"><span style=\"color: #0000ff;\"><strong>3<\/strong><\/span><\/td>\n<td style=\"text-align: center;\" width=\"74\"><span style=\"color: #0000ff;\"><strong>566<\/strong><\/span><\/td>\n<td width=\"29\"><span style=\"color: #0000ff;\">\u00a0<\/span><\/td>\n<td width=\"212\"><span style=\"color: #0000ff;\"><strong>\u00a0OQUENDO ZABALA Carlos Mario<\/strong><\/span><\/td>\n<td style=\"text-align: center;\" width=\"100\"><span style=\"color: #0000ff;\"><strong>38.251<\/strong><\/span><\/td>\n<td style=\"text-align: center;\" width=\"111\"><span style=\"color: #0000ff;\"><strong>+0.675<\/strong><\/span><\/td>\n<\/tr>\n<tr>\n<td style=\"text-align: center;\" width=\"87\"><span style=\"color: #339966;\"><strong>4<\/strong><\/span><\/td>\n<td style=\"text-align: center;\" width=\"74\"><span style=\"color: #339966;\"><strong>121<\/strong><\/span><\/td>\n<td width=\"29\"><span style=\"color: #339966;\">\u00a0<\/span><\/td>\n<td width=\"212\"><span style=\"color: #339966;\"><strong>\u00a0van der BIEZEN Raymon<\/strong><\/span><\/td>\n<td style=\"text-align: center;\" width=\"100\"><span style=\"color: #339966;\"><strong>38.492<\/strong><\/span><\/td>\n<td style=\"text-align: center;\" width=\"111\"><span style=\"color: #339966;\"><strong>+0.916<\/strong><\/span><\/td>\n<\/tr>\n<tr>\n<td style=\"text-align: center;\" width=\"87\"><span style=\"color: #0000ff;\"><strong>5<\/strong><\/span><\/td>\n<td style=\"text-align: center;\" width=\"74\"><span style=\"color: #0000ff;\"><strong>148<\/strong><\/span><\/td>\n<td width=\"29\"><span style=\"color: #0000ff;\">\u00a0<\/span><\/td>\n<td width=\"212\"><span style=\"color: #0000ff;\"><strong>\u00a0van GENDT Twan<\/strong><\/span><\/td>\n<td style=\"text-align: center;\" width=\"100\"><span style=\"color: #0000ff;\"><strong>44.744<\/strong><\/span><\/td>\n<td style=\"text-align: center;\" width=\"111\"><span style=\"color: #0000ff;\"><strong>+7.168<\/strong><\/span><\/td>\n<\/tr>\n<tr>\n<td style=\"text-align: center;\" width=\"87\"><span style=\"color: #339966;\"><strong>6<\/strong><\/span><\/td>\n<td style=\"text-align: center;\" width=\"74\"><span style=\"color: #339966;\"><strong>717<\/strong><\/span><\/td>\n<td width=\"29\"><span style=\"color: #339966;\">\u00a0<\/span><\/td>\n<td width=\"212\"><span style=\"color: #339966;\"><strong>\u00a0JIMENEZ CAICEDO Andres Eduardo<\/strong><\/span><\/td>\n<td style=\"text-align: center;\" width=\"100\"><span style=\"color: #339966;\"><strong>53.377<\/strong><\/span><\/td>\n<td style=\"text-align: center;\" width=\"111\"><span style=\"color: #339966;\"><strong>+15.801<\/strong><\/span><\/td>\n<\/tr>\n<tr>\n<td style=\"text-align: center;\" width=\"87\"><span style=\"color: #0000ff;\"><strong>7<\/strong><\/span><\/td>\n<td style=\"text-align: center;\" width=\"74\"><span style=\"color: #0000ff;\"><strong>11<\/strong><\/span><\/td>\n<td width=\"29\"><span style=\"color: #0000ff;\">\u00a0<\/span><\/td>\n<td width=\"212\"><span style=\"color: #0000ff;\"><strong>\u00a0FIELDS Connor<\/strong><\/span><\/td>\n<td style=\"text-align: center;\" width=\"100\"><span style=\"color: #0000ff;\"><strong>1:03.033<\/strong><\/span><\/td>\n<td style=\"text-align: center;\" width=\"111\"><span style=\"color: #0000ff;\"><strong>+25.457<\/strong><\/span><\/td>\n<\/tr>\n<tr>\n<td style=\"text-align: center;\" width=\"87\"><span style=\"color: #339966;\"><strong>8<\/strong><\/span><\/td>\n<td style=\"text-align: center;\" width=\"74\"><span style=\"color: #339966;\"><strong>65<\/strong><\/span><\/td>\n<td width=\"29\"><span style=\"color: #339966;\">\u00a0<\/span><\/td>\n<td width=\"212\"><span style=\"color: #339966;\"><strong>\u00a0PHILLIPS Liam<\/strong><\/span><\/td>\n<td style=\"text-align: center;\" width=\"100\"><span style=\"color: #339966;\"><strong>2:11.918<\/strong><\/span><\/td>\n<td style=\"text-align: center;\" width=\"111\"><span style=\"color: #339966;\"><strong>+1:34.342<\/strong><\/span><\/td>\n<\/tr>\n<\/tbody>\n<\/table>\n<p>&nbsp;<\/p>\n<p>&nbsp;<\/p>\n<p><a href=\"http:\/\/bmxsanjuan.com.ar\/wordpress\/wp-content\/uploads\/2015\/11\/BMX-LONDRES-2012-PISTA.jpg\" data-rel=\"lightbox\"><img decoding=\"async\" loading=\"lazy\" class=\"wp-image-518 aligncenter\" src=\"http:\/\/bmxsanjuan.com.ar\/wordpress\/wp-content\/uploads\/2015\/11\/BMX-LONDRES-2012-PISTA.jpg\" alt=\"BMX LONDRES 2012 - PISTA\" width=\"380\" height=\"284\" srcset=\"https:\/\/bmxsanjuan.com.ar\/wordpress\/wp-content\/uploads\/2015\/11\/BMX-LONDRES-2012-PISTA.jpg 640w, https:\/\/bmxsanjuan.com.ar\/wordpress\/wp-content\/uploads\/2015\/11\/BMX-LONDRES-2012-PISTA-300x224.jpg 300w\" sizes=\"(max-width: 380px) 100vw, 380px\" \/><\/a><\/p>\n<p>&nbsp;<\/p>\n<p style=\"text-align: center;\"><span style=\"color: #008080;\"><strong>FINAL: WOMEN ELITE<\/strong><\/span><\/p>\n<p>&nbsp;<\/p>\n<table width=\"607\">\n<tbody>\n<tr>\n<td style=\"text-align: center;\" width=\"94\"><span style=\"color: #000080;\"><strong>Puesto<\/strong><\/span><\/td>\n<td style=\"text-align: center;\" width=\"82\"><span style=\"color: #000080;\"><strong>Placa No.<\/strong><\/span><\/td>\n<td style=\"text-align: center;\" width=\"220\"><span style=\"color: #000080;\"><strong>Piloto<\/strong><\/span><\/td>\n<td style=\"text-align: center;\" width=\"105\"><span style=\"color: #000080;\"><strong>Tiempo<\/strong><\/span><\/td>\n<td style=\"text-align: center;\" width=\"107\"><span style=\"color: #000080;\"><strong>Dif<\/strong><\/span><\/td>\n<\/tr>\n<tr>\n<td style=\"text-align: center;\" width=\"94\"><span style=\"color: #0000ff;\"><strong>1<\/strong><\/span><\/td>\n<td style=\"text-align: center;\" width=\"82\"><span style=\"color: #0000ff;\"><strong>5<\/strong><\/span><\/td>\n<td width=\"220\"><span style=\"color: #0000ff;\"><strong>\u00a0PAJON Mariana<\/strong><\/span><\/td>\n<td style=\"text-align: center;\" width=\"105\"><span style=\"color: #0000ff;\"><strong>37.706<\/strong><\/span><\/td>\n<td style=\"text-align: center;\" width=\"107\"><span style=\"color: #0000ff;\"><strong>&#8211;<\/strong><\/span><\/td>\n<\/tr>\n<tr>\n<td style=\"text-align: center;\" width=\"94\"><span style=\"color: #339966;\"><strong>2<\/strong><\/span><\/td>\n<td style=\"text-align: center;\" width=\"82\"><span style=\"color: #339966;\"><strong>96<\/strong><\/span><\/td>\n<td width=\"220\"><span style=\"color: #339966;\"><strong>\u00a0WALKER Sarah<\/strong><\/span><\/td>\n<td style=\"text-align: center;\" width=\"105\"><span style=\"color: #339966;\"><strong>38.133<\/strong><\/span><\/td>\n<td style=\"text-align: center;\" width=\"107\"><span style=\"color: #339966;\"><strong>+0.427<\/strong><\/span><\/td>\n<\/tr>\n<tr>\n<td style=\"text-align: center;\" width=\"94\"><span style=\"color: #0000ff;\"><strong>3<\/strong><\/span><\/td>\n<td style=\"text-align: center;\" width=\"82\"><span style=\"color: #0000ff;\"><strong>110<\/strong><\/span><\/td>\n<td width=\"220\"><span style=\"color: #0000ff;\"><strong>\u00a0SMULDERS Laura<\/strong><\/span><\/td>\n<td style=\"text-align: center;\" width=\"105\"><span style=\"color: #0000ff;\"><strong>38.231<\/strong><\/span><\/td>\n<td style=\"text-align: center;\" width=\"107\"><span style=\"color: #0000ff;\"><strong>+0.525<\/strong><\/span><\/td>\n<\/tr>\n<tr>\n<td style=\"text-align: center;\" width=\"94\"><span style=\"color: #339966;\"><strong>4<\/strong><\/span><\/td>\n<td style=\"text-align: center;\" width=\"82\"><span style=\"color: #339966;\"><strong>22<\/strong><\/span><\/td>\n<td width=\"220\"><span style=\"color: #339966;\"><strong>\u00a0le CORGUILLE Laetitia<\/strong><\/span><\/td>\n<td style=\"text-align: center;\" width=\"105\"><span style=\"color: #339966;\"><strong>38.476<\/strong><\/span><\/td>\n<td style=\"text-align: center;\" width=\"107\"><span style=\"color: #339966;\"><strong>+0.770<\/strong><\/span><\/td>\n<\/tr>\n<tr>\n<td style=\"text-align: center;\" width=\"94\"><span style=\"color: #0000ff;\"><strong>5<\/strong><\/span><\/td>\n<td style=\"text-align: center;\" width=\"82\"><span style=\"color: #0000ff;\"><strong>68<\/strong><\/span><\/td>\n<td width=\"220\"><span style=\"color: #0000ff;\"><strong>\u00a0BUCHANAN Caroline<\/strong><\/span><\/td>\n<td style=\"text-align: center;\" width=\"105\"><span style=\"color: #0000ff;\"><strong>38.903<\/strong><\/span><\/td>\n<td style=\"text-align: center;\" width=\"107\"><span style=\"color: #0000ff;\"><strong>+1.197<\/strong><\/span><\/td>\n<\/tr>\n<tr>\n<td style=\"text-align: center;\" width=\"94\"><span style=\"color: #339966;\"><strong>6<\/strong><\/span><\/td>\n<td style=\"text-align: center;\" width=\"82\"><span style=\"color: #339966;\"><strong>12<\/strong><\/span><\/td>\n<td width=\"220\"><span style=\"color: #339966;\"><strong>\u00a0READE Shanaze<\/strong><\/span><\/td>\n<td style=\"text-align: center;\" width=\"105\"><span style=\"color: #339966;\"><strong>39.247<\/strong><\/span><\/td>\n<td style=\"text-align: center;\" width=\"107\"><span style=\"color: #339966;\"><strong>+1.541<\/strong><\/span><\/td>\n<\/tr>\n<tr>\n<td style=\"text-align: center;\" width=\"94\"><span style=\"color: #0000ff;\"><strong>7<\/strong><\/span><\/td>\n<td style=\"text-align: center;\" width=\"82\"><span style=\"color: #0000ff;\"><strong>1<\/strong><\/span><\/td>\n<td width=\"220\"><span style=\"color: #0000ff;\"><strong>\u00a0POTTIER Magalie<\/strong><\/span><\/td>\n<td style=\"text-align: center;\" width=\"105\"><span style=\"color: #0000ff;\"><strong>39.395<\/strong><\/span><\/td>\n<td style=\"text-align: center;\" width=\"107\"><span style=\"color: #0000ff;\"><strong>+1.689<\/strong><\/span><\/td>\n<\/tr>\n<tr>\n<td style=\"text-align: center;\" width=\"94\"><span style=\"color: #339966;\"><strong>8<\/strong><\/span><\/td>\n<td style=\"text-align: center;\" width=\"82\"><span style=\"color: #339966;\"><strong>32<\/strong><\/span><\/td>\n<td width=\"220\"><span style=\"color: #339966;\"><strong>\u00a0CRAIN Brooke<\/strong><\/span><\/td>\n<td style=\"text-align: center;\" width=\"105\"><span style=\"color: #339966;\"><strong>40.286<\/strong><\/span><\/td>\n<td style=\"text-align: center;\" width=\"107\"><span style=\"color: #339966;\"><strong>+2.580<\/strong><\/span><\/td>\n<\/tr>\n<\/tbody>\n<\/table>\n<p>&nbsp;<\/p>\n<p>&nbsp;<\/p>\n<p style=\"text-align: center;\"><span style=\"color: #008080;\"><strong>MEDALLERO<\/strong><\/span><\/p>\n<table width=\"95%\">\n<tbody>\n<tr>\n<td style=\"text-align: center;\" width=\"22%\"><span style=\"color: #333399;\"><strong>Categor\u00eda<\/strong><\/span><\/td>\n<td style=\"text-align: center;\" width=\"26%\"><span style=\"color: #333399;\"><strong>\u00a0<span style=\"color: #ffff00;\">ORO<\/span><\/strong><\/span><\/td>\n<td style=\"text-align: center;\" width=\"26%\"><span style=\"color: #999999;\"><strong>\u00a0PLATA<\/strong><\/span><\/td>\n<td style=\"text-align: center;\" width=\"26%\"><span style=\"color: #f0a422;\"><strong>\u00a0BRONCE<\/strong><\/span><\/td>\n<\/tr>\n<tr>\n<td><strong>Masculino<\/strong><\/p>\n<p>&nbsp;<\/td>\n<td><span style=\"color: #ff0000;\">M\u0101ris \u0160trombergs<\/span><br \/>\n<span style=\"color: #ff0000;\"> \u00a0Letonia<\/span><br \/>\n<span style=\"color: #ff0000;\"> 37,576<\/span><\/td>\n<td><span style=\"color: #ff0000;\">Sam Willoughby<\/span><br \/>\n<span style=\"color: #ff0000;\"> \u00a0Australia<\/span><br \/>\n<span style=\"color: #ff0000;\"> 37,929<\/span><\/td>\n<td><span style=\"color: #ff0000;\">Carlos Mario Oquendo<\/span><br \/>\n<span style=\"color: #ff0000;\"> \u00a0Colombia<\/span><br \/>\n<span style=\"color: #ff0000;\"> 38,251<\/span><\/td>\n<\/tr>\n<tr>\n<td><strong>Femenino<\/strong><\/p>\n<p>&nbsp;<\/td>\n<td><span style=\"color: #0000ff;\">Mariana Paj\u00f3n<\/span><br \/>\n<span style=\"color: #0000ff;\"> \u00a0Colombia<\/span><br \/>\n<span style=\"color: #0000ff;\"> 37,706<\/span><\/td>\n<td><span style=\"color: #0000ff;\">Sarah Walker<\/span><br \/>\n<span style=\"color: #0000ff;\"> \u00a0Nueva Zelanda<\/span><br \/>\n<span style=\"color: #0000ff;\"> 38,133<\/span><\/td>\n<td><span style=\"color: #0000ff;\">Laura Smulders<\/span><br \/>\n<span style=\"color: #0000ff;\"> \u00a0Pa\u00edses Bajos<\/span><br \/>\n<span style=\"color: #0000ff;\"> 38,231<\/span><\/td>\n<\/tr>\n<\/tbody>\n<\/table>\n<p>&nbsp;<\/p>\n<p>&nbsp;<\/p>\n","protected":false},"excerpt":{"rendered":"<p>\u00a0 \u00a0 \u00a0 \u00a0 \u00a0 \u00a0 \u00a0 \u00a0 \u00a0 \u00a0 \u00a0 \u00a0 \u00a0 \u00a0 \u00a0 \u00a0 \u00a0 \u00a0\u00a0BMX Sede: Olympic Park \u2013 BMX Track Capacidad: 6.000 espectadores. Fechas: Del 8 al 10 de Agosto de 2012 Medallas: Dos (una para &hellip; <a href=\"https:\/\/bmxsanjuan.com.ar\/wordpress\/jjoo-londres-2012\/\">Continuar<\/a><\/p>\n","protected":false},"author":1,"featured_media":0,"parent":0,"menu_order":0,"comment_status":"closed","ping_status":"closed","template":"","meta":{"jetpack_post_was_ever_published":false},"jetpack_sharing_enabled":true,"jetpack_shortlink":"https:\/\/wp.me\/P7EmwP-8l","_links":{"self":[{"href":"https:\/\/bmxsanjuan.com.ar\/wordpress\/wp-json\/wp\/v2\/pages\/517"}],"collection":[{"href":"https:\/\/bmxsanjuan.com.ar\/wordpress\/wp-json\/wp\/v2\/pages"}],"about":[{"href":"https:\/\/bmxsanjuan.com.ar\/wordpress\/wp-json\/wp\/v2\/types\/page"}],"author":[{"embeddable":true,"href":"https:\/\/bmxsanjuan.com.ar\/wordpress\/wp-json\/wp\/v2\/users\/1"}],"replies":[{"embeddable":true,"href":"https:\/\/bmxsanjuan.com.ar\/wordpress\/wp-json\/wp\/v2\/comments?post=517"}],"version-history":[{"count":3,"href":"https:\/\/bmxsanjuan.com.ar\/wordpress\/wp-json\/wp\/v2\/pages\/517\/revisions"}],"predecessor-version":[{"id":524,"href":"https:\/\/bmxsanjuan.com.ar\/wordpress\/wp-json\/wp\/v2\/pages\/517\/revisions\/524"}],"wp:attachment":[{"href":"https:\/\/bmxsanjuan.com.ar\/wordpress\/wp-json\/wp\/v2\/media?parent=517"}],"curies":[{"name":"wp","href":"https:\/\/api.w.org\/{rel}","templated":true}]}}