{"id":47,"date":"2015-09-13T02:26:39","date_gmt":"2015-09-13T02:26:39","guid":{"rendered":"http:\/\/bmxsanjuan.com.ar\/wordpress\/?page_id=47"},"modified":"2022-03-25T12:49:21","modified_gmt":"2022-03-25T15:49:21","slug":"guia-para-principiantes","status":"publish","type":"page","link":"https:\/\/bmxsanjuan.com.ar\/wordpress\/guia-para-principiantes\/","title":{"rendered":"La Bici BMX"},"content":{"rendered":"<p><span style=\"text-decoration: underline;\"><em><span style=\"color: #ff0000;\"><strong>LA BICI BMX<\/strong><\/span><\/em><\/span><\/p>\n<p style=\"padding-left: 30px;\"><img decoding=\"async\" loading=\"lazy\" class=\"wp-image-48 aligncenter\" src=\"http:\/\/bmxsanjuan.com.ar\/wordpress\/wp-content\/uploads\/2015\/09\/SJ-BICICLETA-BMX-300x196.jpg\" alt=\"SJ - BICICLETA BMX\" width=\"521\" height=\"341\" srcset=\"https:\/\/bmxsanjuan.com.ar\/wordpress\/wp-content\/uploads\/2015\/09\/SJ-BICICLETA-BMX-300x196.jpg 300w, https:\/\/bmxsanjuan.com.ar\/wordpress\/wp-content\/uploads\/2015\/09\/SJ-BICICLETA-BMX.jpg 494w\" sizes=\"(max-width: 521px) 100vw, 521px\" \/><\/p>\n<p style=\"text-align: justify;\"><strong>La bicicleta utilizada para este tipo de disciplina deportiva, es de tama\u00f1o peque\u00f1o (el&nbsp;di\u00e1metro&nbsp;de las&nbsp;ruedas son de 20 pulgadas). Esto es porque lo que se busca es una mayor maniobrabilidad para enfrentar las exigencias de una pista para competencias BMX donde se requiere un tiempo de reacci\u00f3n muy r\u00e1pido. Es por ello que este tipo de bicicletas cuentan con una distancia muy corta entre el manubrio y la rueda. Por otra parte, el cuadro peque\u00f1o que, adem\u00e1s de ser resistente a los saltos, facilita un buen equilibrio y balance a altas velocidades.<\/strong><\/p>\n<p><span style=\"text-decoration: underline;\"><em><span style=\"color: #ff0000;\"><strong>Cuadro o Marcos<\/strong><\/span><\/em><\/span><\/p>\n<p style=\"text-align: justify;\"><strong><a href=\"http:\/\/bmxsanjuan.com.ar\/wordpress\/wp-content\/uploads\/2015\/09\/SJ-BMX-CUADRO.jpg\"><img decoding=\"async\" loading=\"lazy\" class=\" wp-image-135 alignleft\" src=\"http:\/\/bmxsanjuan.com.ar\/wordpress\/wp-content\/uploads\/2015\/09\/SJ-BMX-CUADRO.jpg\" alt=\"SJ - BMX CUADRO\" width=\"201\" height=\"134\"><\/a>La secci\u00f3n esencial y principal de la bicicleta es el cuadro. Este se construye, normalmente de aluminio 6061 o 7005, acero al cromo (chromoly) 4130, tambi\u00e9n se puede utilizar la fibra de carbono. Tambien se utilizan los cuadro de Oxiplatino (OX) y Cromolio. El peso es importante porque los cuadros m\u00e1s ligeros de aluminio, permiten manipular m\u00e1s f\u00e1cilmente la bicicleta durante los trucos o al tomar velocidad durante las carreras. Los cuadros de bicicleta BMX de punta baja se construyen t\u00edpicamente de acero, debido al bajo costo de los materiales.<\/strong><\/p>\n<ul>\n<li style=\"text-align: justify;\"><span style=\"color: #ff0000;\"><strong>Tama\u00f1os de Cuadros<\/strong><\/span><\/li>\n<\/ul>\n<p style=\"text-align: justify;\"><strong>Hay que tener en cuenta que si bien el tubo superior del cuadro (Top Tube en ingl\u00e9s), ayuda a ajustar el torso del conductor desde el asiento hasta el manubrio o manillar, las bicicletas de BMX no se ajustan a la altura de una persona como una bicicleta de monta\u00f1a o una bicicleta de carretera. (Ver cuadro de Relaci\u00f3n de Medidas)<\/strong><\/p>\n<p><strong>Una bicicleta m\u00e1s grande te dar\u00e1 una distancia entre ejes m\u00e1s larga, d\u00e1ndote estabilidad en velocidad. La longitud de fondo &#8211;la longitud de la palanca o biela a la rueda&#8211; puede ser una longitud personalizada tambi\u00e9n. Cuando esta longitud es m\u00e1s corta, ayuda a tirar del extremo posterior en una a\u00e9rea, pero har\u00e1 que sea m\u00e1s dif\u00edcil mantener el equilibrio sobre la rueda trasera en comparaci\u00f3n con una longitud m\u00e1s larga. Estas personalizaciones se basan en el nivel de la comodidad del piloto y la fortaleza, y no en su tama\u00f1o o peso.<\/strong><\/p>\n<p style=\"text-align: justify;\"><span style=\"text-decoration: underline;\"><em><span style=\"color: #ff0000;\"><strong>Llantas<\/strong><\/span><\/em><\/span><\/p>\n<p style=\"text-align: justify;\"><strong><a href=\"http:\/\/bmxsanjuan.com.ar\/wordpress\/wp-content\/uploads\/2015\/09\/SJ-BMX-RUEDA-2.jpg\" data-rel=\"lightbox\"><img decoding=\"async\" loading=\"lazy\" class=\"wp-image-136 alignleft\" src=\"http:\/\/bmxsanjuan.com.ar\/wordpress\/wp-content\/uploads\/2015\/09\/SJ-BMX-RUEDA-2.jpg\" alt=\"SJ - BMX RUEDA 2\" width=\"194\" height=\"102\" srcset=\"https:\/\/bmxsanjuan.com.ar\/wordpress\/wp-content\/uploads\/2015\/09\/SJ-BMX-RUEDA-2.jpg 448w, https:\/\/bmxsanjuan.com.ar\/wordpress\/wp-content\/uploads\/2015\/09\/SJ-BMX-RUEDA-2-300x158.jpg 300w\" sizes=\"(max-width: 194px) 100vw, 194px\" \/><\/a>Las llantas&nbsp;de una bicicleta de BMX son muy importantes y tienen de 36 o de 48 rayos. Las ruedas de 48 rayos son m\u00e1s caras que su contraparte de 36 rayos, pero son m\u00e1s fuertes. La fuerza a\u00f1adida ayuda a estas ruedas a absorber los impactos de los saltos y al andar sobre los baches. Las ruedas m\u00e1s ligeras ayudan a los corredores a acelerar y a mantener altas velocidades mientras conducen. Si un ciclista utiliza el tipo incorrecto de ruedas en la competencia, puede da\u00f1ar la bicicleta o entorpecer su rendimiento general.<\/strong><\/p>\n<p style=\"text-align: justify;\"><strong>Las llantas pueden ser: de pared simple, de dos paredes o pueden tener m\u00e1s de dos paredes. Los rayos pueden ser gruesos (Primo) o finos (FAD gen\u00e9ricos). Cuentan con un eje central que pueden ser de 10mm para la rueda delantera, o 14mm para la rueda trasera donde va instalado el pi\u00f1\u00f3n. <\/strong><\/p>\n<ul>\n<li style=\"text-align: justify;\"><span style=\"color: #ff0000;\"><em><strong>Los neum\u00e1tico<\/strong><\/em><\/span><\/li>\n<\/ul>\n<p style=\"text-align: justify;\"><strong>Estos pueden ser : con alambre o cosidas, estas \u00faltimas son m\u00e1s livianas y suelen ser m\u00e1s duraderas que las de alambre. Son construidas con caucho o kevlas que es un material m\u00e1s liviano pero tambi\u00e9n mucho m\u00e1s costoso. El dibujo puede ser con \u201ctacos\u201d que tiene mayor adherencia en suelos de tierra o \u201clisos\u201d con menor adherencia. <\/strong><\/p>\n<p style=\"text-align: justify;\"><strong>El tama\u00f1o del neum\u00e1tico tambi\u00e9n es importante para dimensionar una bicicleta al ciclista para darle el m\u00e1ximo apoyo y control sobre la misma. Los tama\u00f1os de rueda se refieren al di\u00e1metro total de la rueda y la anchura del neum\u00e1tico. (<a href=\"http:\/\/bmxsanjuan.com.ar\/wordpress\/bmx-guia\/relacion-de-medidas\/\">Ver cuadro de Relaci\u00f3n de Medidas<\/a>).<\/strong><\/p>\n<p style=\"text-align: justify;\"><em><span style=\"text-decoration: underline;\"><span style=\"color: #ff0000;\"><strong>Frenos<\/strong><\/span><\/span><\/em><\/p>\n<p style=\"text-align: justify;\"><strong><a href=\"http:\/\/bmxsanjuan.com.ar\/wordpress\/wp-content\/uploads\/2015\/09\/SJ-BMX-FRENOS.jpg\"><img decoding=\"async\" loading=\"lazy\" class=\"wp-image-137 alignleft\" src=\"http:\/\/bmxsanjuan.com.ar\/wordpress\/wp-content\/uploads\/2015\/09\/SJ-BMX-FRENOS.jpg\" alt=\"SJ - BMX FRENOS\" width=\"185\" height=\"117\"><\/a>Las bicicletas de BMX normalmente vienen s\u00f3lo con frenos traseros ya que el uso de los frenos delanteros durante una competencia, puede hacer que el piloto pierda el control y se caiga sobre el manubrio.<\/strong><\/p>\n<p style=\"text-align: justify;\"><strong style=\"line-height: 1.71429; font-size: 1rem;\">Los frenos traseros, por su parte, dan mayor control al ciclista al detenerse totalmente o al desacelerar.<\/strong><\/p>\n<p style=\"text-align: justify;\"><strong>Existen dos tipos: U-Brake o freno en U, que consta de un resorte y se encierra para se funcionamiento y b) V-Brake que cuenta con dos piezas separadas entre s\u00ed. Estos pueden ser ajustados con un tornillo con tuerca o bien con los denominados tetones (pedazos de metal que sostienen los frenos).<\/strong><\/p>\n<p style=\"text-align: justify;\"><strong>Por otra parte y formando parte del sistema, est\u00e1n los Brake Levers que son los manillares que van adjunto al manubrio y que permiten accionar el freno mediante un cable.<\/strong><\/p>\n<p style=\"text-align: justify;\"><span style=\"text-decoration: underline;\"><em><strong><span style=\"color: #ff0000; text-decoration: underline;\">Manubrio<\/span><\/strong><\/em><\/span><\/p>\n<p style=\"text-align: justify;\"><a href=\"http:\/\/bmxsanjuan.com.ar\/wordpress\/wp-content\/uploads\/2015\/09\/SJ-BMX-MANUBRIO.jpg\"><img decoding=\"async\" loading=\"lazy\" class=\"wp-image-138 alignleft\" src=\"http:\/\/bmxsanjuan.com.ar\/wordpress\/wp-content\/uploads\/2015\/09\/SJ-BMX-MANUBRIO.jpg\" alt=\"SJ - BMX MANUBRIO\" width=\"155\" height=\"116\"><\/a><strong>Los manubrios de BMX est\u00e1n disponibles en varias fuerzas y clasificaciones de peso. Las barras de las bicicletas usadas para completar los trucos est\u00e1n m\u00e1s empinadas, para darle al ciclista un mayor control al intentar estos trucos. Estos manubrios tambi\u00e9n son m\u00e1s cortos que aquellos en las bicicletas de calle. El manubrio ligeramente m\u00e1s largo de las bicicletas de carreras le da mayor control al ciclista para hacer movimientos r\u00e1pidos. Estos manubrios tambi\u00e9n son m\u00e1s ligeros que sus hom\u00f3logos de estilo libre, para reducir el peso total de la bicicleta.<\/strong><\/p>\n<p style=\"text-align: justify;\"><span style=\"text-decoration: underline;\"><span style=\"color: #ff0000;\"><em><strong>Pu\u00f1os \u2013 Mangos \u2013 Grips<\/strong><\/em><\/span><\/span><\/p>\n<p style=\"text-align: justify;\"><a href=\"http:\/\/bmxsanjuan.com.ar\/wordpress\/wp-content\/uploads\/2015\/09\/MANGOS-PU\u00d1OS.jpg\" data-rel=\"lightbox\"><img decoding=\"async\" loading=\"lazy\" class=\"wp-image-184 alignleft\" src=\"http:\/\/bmxsanjuan.com.ar\/wordpress\/wp-content\/uploads\/2015\/09\/MANGOS-PU\u00d1OS.jpg\" alt=\"MANGOS - PU\u00d1OS\" width=\"131\" height=\"63\" srcset=\"https:\/\/bmxsanjuan.com.ar\/wordpress\/wp-content\/uploads\/2015\/09\/MANGOS-PU\u00d1OS.jpg 400w, https:\/\/bmxsanjuan.com.ar\/wordpress\/wp-content\/uploads\/2015\/09\/MANGOS-PU\u00d1OS-300x144.jpg 300w\" sizes=\"(max-width: 131px) 100vw, 131px\" \/><\/a><strong>Pueden ser de goma o aluminio y su funci\u00f3n es la de evitar que las manos se resbalen y tambi\u00e9n dan protecci\u00f3n. Se ajustan al manubrio mediante los denominados Bar Ends, que pueden ser de pl\u00e1stico o aluminio.<\/strong><\/p>\n<p style=\"text-align: justify;\">\n<p style=\"text-align: justify;\"><span style=\"text-decoration: underline;\"><em><strong><span style=\"color: #ff0000; text-decoration: underline;\">&nbsp;Palancas o Bielas<\/span><\/strong><\/em><\/span><\/p>\n<p style=\"text-align: justify;\"><strong><a href=\"http:\/\/bmxsanjuan.com.ar\/wordpress\/wp-content\/uploads\/2015\/09\/SJ-BMX-PALANCAS.jpg\" data-rel=\"lightbox\"><img decoding=\"async\" loading=\"lazy\" class=\" wp-image-140 alignleft\" src=\"http:\/\/bmxsanjuan.com.ar\/wordpress\/wp-content\/uploads\/2015\/09\/SJ-BMX-PALANCAS.jpg\" alt=\"SJ - BMX PALANCAS\" width=\"115\" height=\"116\" srcset=\"https:\/\/bmxsanjuan.com.ar\/wordpress\/wp-content\/uploads\/2015\/09\/SJ-BMX-PALANCAS.jpg 224w, https:\/\/bmxsanjuan.com.ar\/wordpress\/wp-content\/uploads\/2015\/09\/SJ-BMX-PALANCAS-150x150.jpg 150w\" sizes=\"(max-width: 115px) 100vw, 115px\" \/><\/a>Activa el mecanismo de tracci\u00f3n haciendo girar el plato o corona central y, mediante una cadena, mueve el pi\u00f1\u00f3n que se encuentra adherido a la masa de la rueda trasera, transfiriendo el movimiento a esta \u00faltima. &nbsp;&nbsp;<\/strong><\/p>\n<p style=\"text-align: justify;\"><strong>Existen palancas enterizas formadas por una sola pieza que atraviesa el cuadro donde se arman los denominados bolilleros, piezas que contienen bolillas ajustadas de manera tal que giren uniformemente. Tambi\u00e9n est\u00e1n las de tres piezas que se arman sobre un eje de cromo o de titanio y se desarman sin necesidad de quitar la caja en su integridad.<\/strong><\/p>\n<p style=\"text-align: justify;\"><strong>Las Palancas o Bielas, pueden tener diversas medidas dependiendo del largo de las piernas del piloto medidas desde la entrepiernas hasta los tobillo. &nbsp;(<a href=\"http:\/\/bmxsanjuan.com.ar\/wordpress\/bmx-guia\/relacion-de-medidas\/\">Ver cuadro de Relaci\u00f3n de Medidas<\/a>)<\/strong><\/p>\n<p style=\"text-align: justify;\"><span style=\"text-decoration: underline;\"><span style=\"color: #ff0000; text-decoration: underline;\"><strong>Pedales<\/strong> <\/span><\/span><\/p>\n<p><a href=\"http:\/\/bmxsanjuan.com.ar\/wordpress\/wp-content\/uploads\/2015\/09\/PEDALES.jpg\" data-rel=\"lightbox\"><img decoding=\"async\" loading=\"lazy\" class=\"wp-image-284 alignleft\" src=\"http:\/\/bmxsanjuan.com.ar\/wordpress\/wp-content\/uploads\/2015\/09\/PEDALES.jpg\" alt=\"PEDALES\" width=\"101\" height=\"102\" srcset=\"https:\/\/bmxsanjuan.com.ar\/wordpress\/wp-content\/uploads\/2015\/09\/PEDALES.jpg 224w, https:\/\/bmxsanjuan.com.ar\/wordpress\/wp-content\/uploads\/2015\/09\/PEDALES-150x150.jpg 150w\" sizes=\"(max-width: 101px) 100vw, 101px\" \/><\/a><strong>Hay una variada gama de tipo de pedales, como los de mueble, pletina, elast\u00f3meros y los de sistemas time y speedplay. Pueden ser de aluminio y pl\u00e1stico, Llevan pins de metal en su superficie que se adhieren a la suela y nos permiten evitar bastantes incidentes como resbalar o errar. Los pins pueden ser intercambiables y algunos modelos de pl\u00e1stico llevan pins de metal incluidos. La ventaja de los pedales de pl\u00e1stico es que lastiman menos las piernas a la hora de errar.<\/strong><\/p>\n","protected":false},"excerpt":{"rendered":"<p>LA BICI BMX La bicicleta utilizada para este tipo de disciplina deportiva, es de tama\u00f1o peque\u00f1o (el&nbsp;di\u00e1metro&nbsp;de las&nbsp;ruedas son de 20 pulgadas). Esto es porque lo que se busca es una mayor maniobrabilidad para enfrentar las exigencias de una pista &hellip; <a href=\"https:\/\/bmxsanjuan.com.ar\/wordpress\/guia-para-principiantes\/\">Continuar<\/a><\/p>\n","protected":false},"author":1,"featured_media":3207,"parent":0,"menu_order":1,"comment_status":"closed","ping_status":"closed","template":"","meta":{"jetpack_post_was_ever_published":false},"jetpack_sharing_enabled":true,"jetpack_shortlink":"https:\/\/wp.me\/P7EmwP-L","_links":{"self":[{"href":"https:\/\/bmxsanjuan.com.ar\/wordpress\/wp-json\/wp\/v2\/pages\/47"}],"collection":[{"href":"https:\/\/bmxsanjuan.com.ar\/wordpress\/wp-json\/wp\/v2\/pages"}],"about":[{"href":"https:\/\/bmxsanjuan.com.ar\/wordpress\/wp-json\/wp\/v2\/types\/page"}],"author":[{"embeddable":true,"href":"https:\/\/bmxsanjuan.com.ar\/wordpress\/wp-json\/wp\/v2\/users\/1"}],"replies":[{"embeddable":true,"href":"https:\/\/bmxsanjuan.com.ar\/wordpress\/wp-json\/wp\/v2\/comments?post=47"}],"version-history":[{"count":17,"href":"https:\/\/bmxsanjuan.com.ar\/wordpress\/wp-json\/wp\/v2\/pages\/47\/revisions"}],"predecessor-version":[{"id":3208,"href":"https:\/\/bmxsanjuan.com.ar\/wordpress\/wp-json\/wp\/v2\/pages\/47\/revisions\/3208"}],"wp:featuredmedia":[{"embeddable":true,"href":"https:\/\/bmxsanjuan.com.ar\/wordpress\/wp-json\/wp\/v2\/media\/3207"}],"wp:attachment":[{"href":"https:\/\/bmxsanjuan.com.ar\/wordpress\/wp-json\/wp\/v2\/media?parent=47"}],"curies":[{"name":"wp","href":"https:\/\/api.w.org\/{rel}","templated":true}]}}