{"id":267,"date":"2015-09-24T00:55:58","date_gmt":"2015-09-24T03:55:58","guid":{"rendered":"http:\/\/bmxsanjuan.com.ar\/wordpress\/?page_id=267"},"modified":"2015-11-25T14:05:32","modified_gmt":"2015-11-25T17:05:32","slug":"latinoamericano","status":"publish","type":"page","link":"https:\/\/bmxsanjuan.com.ar\/wordpress\/latinoamericano\/","title":{"rendered":"Latinoamericano"},"content":{"rendered":"<p><span style=\"font-size: 6pt; color: #800080;\">INFO: ASOCIACI\u00d3N PERUANA DE BMX -www.apbmx.com<\/span><\/p>\n<p style=\"text-align: center;\"><span style=\"color: #0000ff;\"><strong>CAMPEONATO LATINOAMERICANO DE BMX 2015 &#8211; ROUND 7 Y 8 &#8211; LIMA, PER\u00da<\/strong><\/span><\/p>\n<p>Esta es la 1ra Copa Latinoamericana de BMX ya que se comienza a disputar en el presente a\u00f1o 2105. La organizaci\u00f3n de la competencia fue determinada por la COPABI y la COPACI y el calendario de carreras fue el siguiente:<\/p>\n<p>&nbsp;<\/p>\n<table width=\"460\">\n<tbody>\n<tr>\n<td width=\"186\"><strong>Nombre<\/strong><\/td>\n<td width=\"46\"><strong>Clase<\/strong><\/td>\n<td width=\"53\"><strong>Fecha<\/strong><\/td>\n<td width=\"81\"><strong>Cede<\/strong><\/td>\n<td width=\"87\"><strong>Pa\u00eds<\/strong><\/td>\n<\/tr>\n<tr>\n<td width=\"186\">Intern. Latinoam.Argentina<\/td>\n<td width=\"46\">C1<\/td>\n<td width=\"53\">21 Mar<\/td>\n<td width=\"81\">C\u00f3rdoba<\/td>\n<td width=\"87\">Argentina<\/td>\n<\/tr>\n<tr>\n<td width=\"186\">Intern. Latinoam. Argentina<\/td>\n<td width=\"46\">C1<\/td>\n<td width=\"53\">22 Mar<\/td>\n<td width=\"81\">C\u00f3rdoba<\/td>\n<td width=\"87\">Argentina<\/td>\n<\/tr>\n<tr>\n<td width=\"186\">Continental Latinoamericano<\/td>\n<td width=\"46\">CC<\/td>\n<td width=\"53\">23 May<\/td>\n<td width=\"81\">Santiago<\/td>\n<td width=\"87\">Chile<\/td>\n<\/tr>\n<tr>\n<td width=\"186\">Panamericano<\/td>\n<td width=\"46\">C1<\/td>\n<td width=\"53\">24 May<\/td>\n<td width=\"81\">Santiago<\/td>\n<td width=\"87\">Chile<\/td>\n<\/tr>\n<tr>\n<td width=\"186\">Copa Latinoamericana Per\u00fa<\/td>\n<td width=\"46\">C1<\/td>\n<td width=\"53\">17 Oct<\/td>\n<td width=\"81\">Lima<\/td>\n<td width=\"87\">Per\u00fa<\/td>\n<\/tr>\n<tr>\n<td width=\"186\">Copa Latinoamericana Per\u00fa<\/td>\n<td width=\"46\">C1<\/td>\n<td width=\"53\">18 Oct<\/td>\n<td width=\"81\">Lima<\/td>\n<td width=\"87\">Per\u00fa<\/td>\n<\/tr>\n<tr>\n<td width=\"186\">Sudamericano<\/td>\n<td width=\"46\">C1<\/td>\n<td width=\"53\">5 Dic<\/td>\n<td width=\"81\">Medell\u00edn<\/td>\n<td width=\"87\">Colombia<\/td>\n<\/tr>\n<tr>\n<td width=\"186\">Las Luces<\/td>\n<td width=\"46\">C1<\/td>\n<td width=\"53\">6 Dic<\/td>\n<td style=\"text-align: left;\" width=\"81\">Medell\u00edn<\/td>\n<td width=\"87\">\n<p style=\"text-align: left;\">Colombia<\/p>\n<\/td>\n<\/tr>\n<\/tbody>\n<\/table>\n<p>&nbsp;<\/p>\n<p>Lamentablemente Colombia no podr\u00e1 organizar las \u00faltimas fechas por lo que a Per\u00fa le tocar\u00e1 organizar el 7mo y 8vo round de esta copa que se llevar\u00e1 a cabo en la ciudad de Lima.<br \/>\nPor lo tanto, y por intermedio de su p\u00e1gina web, la organizaci\u00f3n peruana informa:<\/p>\n<p>&nbsp;<\/p>\n<p>&nbsp;<\/p>\n<p>\u201c la Federaci\u00f3n Deportiva Nacional Peruana de Ciclismo &#8211; FDPC y el co-organizador APBMX tienen el placer de invitar a participar a todos los deportistas de BMX de las distintas Federaciones de Ciclismo de todos los pa\u00edses a los Rounds 7 y 8de la Copa Latinoamericana de BMX 2015, competencias de categor\u00eda C1 y contemplar\u00e1n las categor\u00edas Challenger y Championship, a realizarse el 4 y 5 de diciembre en la ciudad de Lima, en el circuito Huiracocha, el mismo que se utiliz\u00f3 como sede de la 6ta y 7ma fecha de la Copa.<\/p>\n<p>&nbsp;<br \/>\nEstaremos encantados de que nos visiten corredores de Latinoam\u00e9rica y del Mundo y esperamos hacer de su estad\u00eda una experiencia inolvidable y muy placentera.<\/p>\n<p>&nbsp;<br \/>\nLes agradecemos por ser parte de este gran evento y les damos la m\u00e1s cordial bienvenida. Lima es una ciudad con muchos encantos tur\u00edsticos.<\/p>\n<p>&nbsp;<br \/>\nAl dia siguiente (6-dic) de terminadas las competencias los invitamos a ser parte de la ceremonia de clausura y premiacion a cargo de la COPABI de la 1ra Copa Latinoamericana de BMX 2015 donde se premiara a los Campeones de todas las categorias, Challenger y Championship.<\/p>\n<p>&nbsp;<br \/>\nGracias nuevamente por ser parte de este evento. Esperamos poder darles la bienvenida y les deseamos a todos los participantes la mejor de las suertes.&#8221;<\/p>\n<p>&nbsp;<br \/>\nNeto Jochamowitz -E<br \/>\nAsociaci\u00f3n Peruana de BMX<br \/>\nPresidente del Comit\u00e9 Organizador<\/p>\n<p>&nbsp;<\/p>\n<p>&nbsp;<\/p>\n<i class=\"icon-book\" style=\"font-size:51px; color:#FF0000;\"><\/i>\u00a0<a href=\"http:\/\/bmxsanjuan.com.ar\/wordpress\/wp-content\/uploads\/2015\/11\/ACUMULADO-CHALLENGE-COPA-LATINOAMERICANA-2015-18OCT2015.pdf\" target=\"_blank\">ACUMULADO CHALLENGE COPA LATINOAMERICANA 2015 -(oct2015)<\/a><\/p>\n<p>&nbsp;<\/p>\n<i class=\"icon-book\" style=\"font-size:51px; color:#FF0000;\"><\/i> <a href=\"http:\/\/bmxsanjuan.com.ar\/wordpress\/wp-content\/uploads\/2015\/11\/ACUMULADO-CHAMPIONSHIP-COPA-LATINOAMERICANA-20151.pdf\" target=\"_blank\">ACUMULADO CHAMPIONSHIP COPA LATINOAMERICANA 2015 -(oct2015)<\/a><\/p>\n<p>&nbsp;<\/p>\n<i class=\"icon-book\" style=\"font-size:51px; color:#FF0000;\"><\/i> <a href=\"http:\/\/bmxsanjuan.com.ar\/wordpress\/wp-content\/uploads\/2015\/11\/Guia_7may8varonda_CopaLatinoamericanadeBMX.pdf\" target=\"_blank\">GUIA COPA LATINOAMERICANA DE BMX ROUND 7 Y 8 &#8211; LIMA (PER\u00da)<\/a><\/p>\n","protected":false},"excerpt":{"rendered":"<p>INFO: ASOCIACI\u00d3N PERUANA DE BMX -www.apbmx.com CAMPEONATO LATINOAMERICANO DE BMX 2015 &#8211; ROUND 7 Y 8 &#8211; LIMA, PER\u00da Esta es la 1ra Copa Latinoamericana de BMX ya que se comienza a disputar en el presente a\u00f1o 2105. La organizaci\u00f3n &hellip; <a href=\"https:\/\/bmxsanjuan.com.ar\/wordpress\/latinoamericano\/\">Continuar<\/a><\/p>\n","protected":false},"author":1,"featured_media":0,"parent":0,"menu_order":0,"comment_status":"closed","ping_status":"closed","template":"","meta":{"jetpack_post_was_ever_published":false},"jetpack_sharing_enabled":true,"jetpack_shortlink":"https:\/\/wp.me\/P7EmwP-4j","_links":{"self":[{"href":"https:\/\/bmxsanjuan.com.ar\/wordpress\/wp-json\/wp\/v2\/pages\/267"}],"collection":[{"href":"https:\/\/bmxsanjuan.com.ar\/wordpress\/wp-json\/wp\/v2\/pages"}],"about":[{"href":"https:\/\/bmxsanjuan.com.ar\/wordpress\/wp-json\/wp\/v2\/types\/page"}],"author":[{"embeddable":true,"href":"https:\/\/bmxsanjuan.com.ar\/wordpress\/wp-json\/wp\/v2\/users\/1"}],"replies":[{"embeddable":true,"href":"https:\/\/bmxsanjuan.com.ar\/wordpress\/wp-json\/wp\/v2\/comments?post=267"}],"version-history":[{"count":7,"href":"https:\/\/bmxsanjuan.com.ar\/wordpress\/wp-json\/wp\/v2\/pages\/267\/revisions"}],"predecessor-version":[{"id":507,"href":"https:\/\/bmxsanjuan.com.ar\/wordpress\/wp-json\/wp\/v2\/pages\/267\/revisions\/507"}],"wp:attachment":[{"href":"https:\/\/bmxsanjuan.com.ar\/wordpress\/wp-json\/wp\/v2\/media?parent=267"}],"curies":[{"name":"wp","href":"https:\/\/api.w.org\/{rel}","templated":true}]}}