{"id":265,"date":"2015-09-24T00:55:02","date_gmt":"2015-09-24T03:55:02","guid":{"rendered":"http:\/\/bmxsanjuan.com.ar\/wordpress\/?page_id=265"},"modified":"2016-09-30T23:34:04","modified_gmt":"2016-10-01T02:34:04","slug":"argentino","status":"publish","type":"page","link":"https:\/\/bmxsanjuan.com.ar\/wordpress\/argentino\/","title":{"rendered":"Campeonato Argentino de BMX"},"content":{"rendered":"<div class=\"hrule clearfix\"><\/div>\n<p><img decoding=\"async\" loading=\"lazy\" class=\" wp-image-1729 alignleft\" src=\"http:\/\/bmxsanjuan.com.ar\/wordpress\/wp-content\/uploads\/2015\/09\/Publicaci\u00f3n2.png\" alt=\"publicacion2\" width=\"440\" height=\"626\" srcset=\"https:\/\/bmxsanjuan.com.ar\/wordpress\/wp-content\/uploads\/2015\/09\/Publicaci\u00f3n2.png 450w, https:\/\/bmxsanjuan.com.ar\/wordpress\/wp-content\/uploads\/2015\/09\/Publicaci\u00f3n2-211x300.png 211w\" sizes=\"(max-width: 440px) 100vw, 440px\" \/><\/p>\n<hr \/>\n<hr \/>\n<p style=\"text-align: justify;\">Bienvenidos a San Juan sede de la 5ta. fecha del Campeonato Argentino de BMX y Open de la Rep\u00fablica Argentina que se realizar\u00e1 entre los d\u00edas 8 y 9 de Octubre de 2016, en la ciudad de Rawson, San Juan .<\/p>\n<p style=\"text-align: justify;\">Les agradecemos por ser parte de este gran evento y les damos la m\u00e1s cordial bienvenida a nuestra provincia llena de encanto tur\u00edstico.<\/p>\n<p style=\"text-align: justify;\">Deseamos para todos los competidores, la mejor de las suertes.<\/p>\n<hr \/>\n<p style=\"text-align: justify;\"><span style=\"font-size: 14pt;\"><strong><span style=\"color: #0000ff;\">Ubicaci\u00f3n de la pista<\/span><\/strong><\/span><\/p>\n<hr \/>\n<p style=\"text-align: justify;\"><span style=\"font-size: 14pt;\"><strong><span style=\"color: #0000ff;\">Instalaciones<\/span><\/strong><\/span><\/p>\n<hr \/>\n<p><span style=\"font-size: 14pt;\"><strong><span style=\"color: #0000ff;\">Cronograma de Actividades<\/span><\/strong><\/span><\/p>\n<hr \/>\n<p><span style=\"font-size: 14pt;\"><strong><span style=\"color: #0000ff;\">Tel\u00e9fonos \u00fatiles de San Juan<\/span><\/strong><\/span><\/p>\n<hr \/>\n<p><span style=\"font-size: 14pt;\"><strong><span style=\"color: #0000ff;\">Alojamientos<\/span><\/strong><\/span><\/p>\n<hr \/>\n<p>&nbsp;<\/p>\n<p>&nbsp;<\/p>\n<h1 style=\"text-align: justify;\"><span style=\"text-decoration: underline;\"><strong><span style=\"font-size: 12pt; color: #ff6600; text-decoration: underline;\">Ubicaci\u00f3n de la pista<\/span><\/strong><\/span><\/h1>\n<p style=\"text-align: justify;\">La pista de BMX se encuentra localizada en calle Lemos 5425 \u2013 Villa Krause (San Juan) formando parte del complejo deportivo de la Ciudad de Rawson.<\/p>\n<p style=\"text-align: justify;\">Est\u00e1 ubicada a unos 15 minutos del centro comercial de San Juan. Recomendamos la utilizaci\u00f3n de la v\u00eda r\u00e1pida que va desde el centro hasta la calle Rep\u00fablica del L\u00edbano y por esta hacia el este hasta Lemos (una cuadra). Por Lemos hacia el sur y a 300 metros, se podr\u00e1 llegar al circuito de BMX del Club Bicicross San Juan.<\/p>\n<p><iframe loading=\"lazy\" style=\"border: 0;\" src=\"https:\/\/www.google.com\/maps\/embed?pb=!1m18!1m12!1m3!1d13596.208698769186!2d-68.55628989978757!3d-31.57761707463155!2m3!1f0!2f0!3f0!3m2!1i1024!2i768!4f13.1!3m3!1m2!1s0x96813f8ce6205bf5%3A0x6916442a3f7cf8d0!2sClub+Bicicross+San+Juan!5e0!3m2!1ses-419!2sar!4v1474254792528\" width=\"600\" height=\"450\" frameborder=\"0\" allowfullscreen=\"allowfullscreen\"><\/iframe><\/p>\n<hr \/>\n<h1><span style=\"text-decoration: underline; font-size: 14pt;\"><strong><span style=\"color: #ff6600; text-decoration: underline;\">Instalaciones<\/span><\/strong><\/span><\/h1>\n<p><img decoding=\"async\" loading=\"lazy\" class=\"wp-image-1730 alignleft\" src=\"http:\/\/bmxsanjuan.com.ar\/wordpress\/wp-content\/uploads\/2015\/09\/pista-club-bicicross-san-juan.png\" alt=\"pista-club-bicicross-san-juan\" width=\"506\" height=\"313\" srcset=\"https:\/\/bmxsanjuan.com.ar\/wordpress\/wp-content\/uploads\/2015\/09\/pista-club-bicicross-san-juan.png 800w, https:\/\/bmxsanjuan.com.ar\/wordpress\/wp-content\/uploads\/2015\/09\/pista-club-bicicross-san-juan-300x186.png 300w, https:\/\/bmxsanjuan.com.ar\/wordpress\/wp-content\/uploads\/2015\/09\/pista-club-bicicross-san-juan-768x475.png 768w, https:\/\/bmxsanjuan.com.ar\/wordpress\/wp-content\/uploads\/2015\/09\/pista-club-bicicross-san-juan-80x50.png 80w\" sizes=\"(max-width: 506px) 100vw, 506px\" \/><\/p>\n<p>La locaci\u00f3n de la pista contar\u00e1 con las siguientes instalaciones:<\/p>\n<p>\u2022 \u00c1rea de tiendas comerciales (auspiciadores, expositores, tiendas de bicicletas, etc)<\/p>\n<p>\u2022 \u00c1rea de alimentos: Zona donde se expender\u00e1n alimentos para corredores y p\u00fablico en general.<\/p>\n<p>\u2022 \u00c1rea de corredores: A la zona de carpas de corredores s\u00f3lo tendr\u00e1n acceso los corredores y sus delegados.<\/p>\n<p>\u2022 Tribunas generales: Para el p\u00fablico en general.<\/p>\n<p>&nbsp;<\/p>\n<hr \/>\n<p><strong><span style=\"color: #0000ff;\">***************CRONOGRAMA DE ACTIVIDADES*****************<\/span><\/strong><\/p>\n<p><strong><span style=\"color: #0000ff;\">5ta. FECHA CAMPEONATO ARGENTINO y 5ta. FECHA OPEN DE BMX 2016.<\/span><\/strong><\/p>\n<p><strong><span style=\"color: #0000ff;\">CIUDAD DE RAWSON \u2013 PROVINCIA DE SAN JUAN.<\/span><\/strong><\/p>\n<p><strong><span style=\"color: #ff0000;\">Jueves 06 de Octubre de 2016<\/span><\/strong><br \/>\nPISTA CERRADA POR MANTENIMIENTO<\/p>\n<p><strong><span style=\"color: #ff0000;\">Viernes 07 de Octubre de 2016<\/span><\/strong><br \/>\n14.00 HS PRIMER ENTRENAMIENTO GRUPO AZUL<br \/>\n14.45 HS PRIMER ENTRENAMIENTO GRUPO AMARILLO<br \/>\n15.30 HS PRIMER ENTRENAMIENTO GRUPO ROJO<br \/>\n16:15 HS PRIMER ENTRENAMIENTO GRUPO NEGRO<br \/>\n17:00 HS SEGUNDO ENTRENAMIENTO GRUPO AZUL<br \/>\n17:30 HS SEGUNDO ENTRENAMIENTO GRUPO AMARILLO<br \/>\n18:00 HS SEGUNDO ENTRENAMIENTO GRUPO ROJO<br \/>\n18:30 HS SEGUNDO ENTRENAMIENTO GRUPO NEGRO (fin del entrenamiento 19:00 hs)<\/p>\n<p><strong><span style=\"color: #ff0000;\">S\u00e1bado 08 de Octubre de 2016<\/span><\/strong><\/p>\n<p>09.00 HS ENTRENAMIENTO GRUPO AZUL<br \/>\n09:30 HS ENTRENAMIENTO GRUPO AMARILLO<br \/>\n10:00 HS ENTRENAMIENTO GRUPO ROJO<br \/>\n10:30 HS ENTRENAMIENTO GRUPO NEGRO<br \/>\n11:30 HS ACTO INAUGURAL, 5ta. FECHA CAMPEONATO ARGENTINO 2016<br \/>\n12:00 HS INICIO DE COMPETENCIAS<br \/>\n17:30 HS PREMIACION 5ta. FECHA CAMPEONATO ARGENTINO DE BMX<\/p>\n<p><strong><span style=\"color: #ff0000;\">Domingo 09 de Octubre de 2016<\/span><\/strong><\/p>\n<p>09:00 HS WARM UP GRUPOS AZUL Y AMARILLO<br \/>\n09:30 HS WARM UP GRUPOS ROJO Y NEGRO<br \/>\n10:00 HS INICIO COMPETENCIAS POR LA 5ta. FECHA CAMPEONATO OPEN DE BMX 2016<br \/>\n14:30 HS FIN DE COMPETENCIAS.<\/p>\n<div class=\"hrule clearfix\"><\/div>\n<p><span style=\"font-size: 14pt; color: #ff6600;\">Tel\u00e9fonos \u00fatiles de San Juan<\/span><\/p>\n<p>EMERGENCIAS 911<\/p>\n<p>POLICIA 101<\/p>\n<p>EMERGENCIAS MEDICAS 107<\/p>\n<p>BOMBEROS 100<\/p>\n<hr \/>\n<h1><span style=\"text-decoration: underline; font-size: 14pt;\"><strong><span style=\"color: #ff6600; text-decoration: underline;\">Alojamiento<\/span><\/strong><\/span><\/h1>\n<p style=\"text-align: center;\"><strong><span style=\"color: #993300;\">HOTELES EN LA CIUDAD DE SAN JUAN<\/span><\/strong><\/p>\n<p><strong><span style=\"color: #ff0000;\">IMP\u00d3RTANTE:<\/span><\/strong><\/p>\n<p>Sugerimos realizar las reservas con anticipaci\u00f3n ya que la fecha, en la que se disputa el Campeonato Argentino, coincide con otros eventos importantes por lo que se espera una importante cantidad de visitantes.<\/p>\n<hr \/>\n<p><strong><span style=\"color: #0000ff;\">Hotel 5 estrellas.<\/span><\/strong><\/p>\n<p>Del Bono Park Hotel Spa &amp; CasinoCategoria: Av. Jos\u00e9 Ignacio De La Roza 1946 OesteTel.: 0264-426 2300<\/p>\n<hr \/>\n<p><strong><span style=\"color: #0000ff;\">Hoteles 4 estrellas.<\/span><\/strong><\/p>\n<p>Del Bono Suites Art Hotel: Mitre 75<\/p>\n<p>Alkazar HotelCategoria: Laprida N\u00ba 82 EsteTel.: 0264-421 4965<\/p>\n<hr \/>\n<p><strong><span style=\"color: #0000ff;\">Hoteles 3 estrellas.<\/span><\/strong><\/p>\n<p>Apart Hotel La Deolinda: 25 De Mayo Y Circunvalaci\u00f3nTel.: 0264-422 2923<\/p>\n<p>Apart Hotel Pueblo Viejo: Juan Jufre 16 EsteTel.: 0264-420 3765<\/p>\n<p>Hotel Albertina Boutique: Bartolome Mitre 31Tel.: 0264-4214222<\/p>\n<p>Pircas De Puyuta: Av Libertador San Martin 9810<\/p>\n<p>Gran Hotel Provincial: Ignacio De La Roza 132 Este<\/p>\n<p>Del Bono Beach Complejo Bahia: Ruta 60 S \/ N Perilago Este<\/p>\n<p>Kuntur Apart Hotel: Mendoza 665 NorteTel.: 0264-421 6876<\/p>\n<p>Hotel Condor Andino: Espa\u00f1a 422 Tel.: 0264-420 2856<\/p>\n<p>Vi\u00f1as Del Sol Hotel: Ruta 20 Y General Roca<\/p>\n<p>Santa Luc\u00edaTel.: 0264-425 3922<\/p>\n<hr \/>\n<p><strong><span style=\"color: #0000ff;\">Hoteles 2 estrellas.<\/span><\/strong><\/p>\n<p>Plaza Hotel S. J.: Sarmiento 344 SurTel.: 0264-422 5179<\/p>\n<p>Am\u00e9rica Hotel: 9 De Julio -1052 (este)<\/p>\n<p>Hotel Brescia: Av. Espa\u00f1a 330 SurTel.: 0264-422 5708<\/p>\n<p>Selby Hotel: Avenida Rioja 183 SurTel.: 0264-422 4766<\/p>\n<p>Hotel America: 9 De Julio Este 1052<\/p>\n<p>Hotel Alhambra: General Acha 180 SurTel.: 0264-4214780<\/p>\n<p>Bristol Hotel: Entre R\u00edos 368 SurTel.: 0264-421 4629<\/p>\n<p>Petit Hotel Dibu: Av. Libertador San Mart\u00edn Y Patricias Sanjuaninas 41 NorteTel.: 0264-420 1034<\/p>\n<div class=\"hrule clearfix\"><\/div>\n<p><span style=\"font-size: 14pt;\"><strong><span style=\"color: #339966;\">OTRAS POSIBILIDADES DE ALOJAMIENTO<\/span> <\/strong><\/span>&#8211; consulte <a href=\"http:\/\/www.hotelesensanjuan.info\/alojamientos.html\" target=\"_blank\"><strong><span style=\"color: #339966;\">AQUI<\/span><\/strong><\/a><\/p>\n","protected":false},"excerpt":{"rendered":"<p>Bienvenidos a San Juan sede de la 5ta. fecha del Campeonato Argentino de BMX y Open de la Rep\u00fablica Argentina que se realizar\u00e1 entre los d\u00edas 8 y 9 de Octubre de 2016, en la ciudad de Rawson, San Juan &hellip; <a href=\"https:\/\/bmxsanjuan.com.ar\/wordpress\/argentino\/\">Continuar<\/a><\/p>\n","protected":false},"author":1,"featured_media":0,"parent":0,"menu_order":0,"comment_status":"closed","ping_status":"closed","template":"","meta":{"jetpack_post_was_ever_published":false},"jetpack_sharing_enabled":true,"jetpack_shortlink":"https:\/\/wp.me\/P7EmwP-4h","_links":{"self":[{"href":"https:\/\/bmxsanjuan.com.ar\/wordpress\/wp-json\/wp\/v2\/pages\/265"}],"collection":[{"href":"https:\/\/bmxsanjuan.com.ar\/wordpress\/wp-json\/wp\/v2\/pages"}],"about":[{"href":"https:\/\/bmxsanjuan.com.ar\/wordpress\/wp-json\/wp\/v2\/types\/page"}],"author":[{"embeddable":true,"href":"https:\/\/bmxsanjuan.com.ar\/wordpress\/wp-json\/wp\/v2\/users\/1"}],"replies":[{"embeddable":true,"href":"https:\/\/bmxsanjuan.com.ar\/wordpress\/wp-json\/wp\/v2\/comments?post=265"}],"version-history":[{"count":6,"href":"https:\/\/bmxsanjuan.com.ar\/wordpress\/wp-json\/wp\/v2\/pages\/265\/revisions"}],"predecessor-version":[{"id":1741,"href":"https:\/\/bmxsanjuan.com.ar\/wordpress\/wp-json\/wp\/v2\/pages\/265\/revisions\/1741"}],"wp:attachment":[{"href":"https:\/\/bmxsanjuan.com.ar\/wordpress\/wp-json\/wp\/v2\/media?parent=265"}],"curies":[{"name":"wp","href":"https:\/\/api.w.org\/{rel}","templated":true}]}}