{"id":174,"date":"2015-09-20T01:46:08","date_gmt":"2015-09-20T01:46:08","guid":{"rendered":"http:\/\/bmxsanjuan.com.ar\/wordpress\/?page_id=174"},"modified":"2015-10-02T12:18:36","modified_gmt":"2015-10-02T15:18:36","slug":"el-comienzo","status":"publish","type":"page","link":"https:\/\/bmxsanjuan.com.ar\/wordpress\/el-comienzo\/","title":{"rendered":"El Comienzo"},"content":{"rendered":"<p><span style=\"text-decoration: underline; color: #ff0000;\"><em><strong>HISTORIA DEL BICICROSS \u2013 BMX (BICYCLE MOTO CROSS)<\/strong><\/em><\/span><\/p>\n<p>&nbsp;<\/p>\n<p style=\"text-align: justify;\"><a href=\"http:\/\/bmxsanjuan.com.ar\/wordpress\/wp-content\/uploads\/2015\/09\/SCOTT-BREIKAUPT-DIA-DESPUES-DEL-NACIONAL.gif\" data-rel=\"lightbox\"><img decoding=\"async\" loading=\"lazy\" class=\"wp-image-175 alignleft\" src=\"http:\/\/bmxsanjuan.com.ar\/wordpress\/wp-content\/uploads\/2015\/09\/SCOTT-BREIKAUPT-DIA-DESPUES-DEL-NACIONAL.gif\" alt=\"SCOTT BREIKAUPT DIA DESPUES DEL NACIONAL\" width=\"126\" height=\"137\" \/><\/a><strong>Algunos escritos remontan los or\u00edgenes a \u201cun tipo de pruebas que ten\u00eda lugar al aire libre, el &#8220;ciclocross&#8221; (nacido en Francia a finales del siglo XIX y que deriva de los ejercicios militares), en la que los participantes siguen un recorrido a trav\u00e9s de pistas embarradas y obst\u00e1culos.<\/strong><br \/>\n<strong>Lo cierto es que en el a\u00f1o 1969, cuando el Motocross era furor en los Estados Unidos al igual que muchos pa\u00edses del mundo, un joven de California de nombre <span style=\"color: #ff9900;\">Scott Breithaupt<\/span> (foto), amante de ese deporte, utiliza por primera vez una bicicleta en un circuito de motocross, tratando de imitar a sus \u00eddolos de este deporte.<\/strong><\/p>\n<p style=\"text-align: justify;\"><strong><a href=\"http:\/\/bmxsanjuan.com.ar\/wordpress\/wp-content\/uploads\/2015\/09\/historia-del-bmx-660x330.jpg\" data-rel=\"lightbox\"><img decoding=\"async\" loading=\"lazy\" class=\"wp-image-176 alignleft\" src=\"http:\/\/bmxsanjuan.com.ar\/wordpress\/wp-content\/uploads\/2015\/09\/historia-del-bmx-660x330.jpg\" alt=\"historia-del-bmx-660x330\" width=\"170\" height=\"85\" srcset=\"https:\/\/bmxsanjuan.com.ar\/wordpress\/wp-content\/uploads\/2015\/09\/historia-del-bmx-660x330.jpg 448w, https:\/\/bmxsanjuan.com.ar\/wordpress\/wp-content\/uploads\/2015\/09\/historia-del-bmx-660x330-300x150.jpg 300w\" sizes=\"(max-width: 170px) 100vw, 170px\" \/><\/a>Poco a poco esta iniciativa fue seguida por miles de j\u00f3venes situaci\u00f3n que no pas\u00f3 desapercibida por un fabricante llamado Al Fritz, quien comenz\u00f3 a fabricar bicicletas que, en un principio, eran similares a motos.<\/strong><br \/>\n<strong>En 1970 se popularizaron las competencias en circuitos de tierra, similares a los utilizados en motocross pero con bicicletas. A esta actividad se le llam\u00f3, en Am\u00e9rica Latina, Bicicross mientras que en Estados Unidos se la denomin\u00f3 BMX Race.<\/strong><\/p>\n<p style=\"text-align: justify;\"><strong>De EE.UU. el naciente BMX Race o Bicicross pas\u00f3 a Europa, siendo Inglaterra, Holanda y Francia los primeros en acogerlo e iniciar su desarrollo.<\/strong><\/p>\n<p style=\"text-align: justify;\"><strong>En 1974 nace la NBL (Nacional Bicycle League) en los EE.UU. como la encargada de promover a nivel local, estatal, regional y nacional el Bicicross (BMX RACE) en este pa\u00eds.<\/strong><\/p>\n<p style=\"text-align: justify;\"><strong>En 1977, la American Bicycle Association (ABA), se organiz\u00f3 como una entidad nacional para el crecimiento del deporte que se introdujo en Europa en 1978.<\/strong><\/p>\n<p style=\"text-align: justify;\"><strong><img decoding=\"async\" loading=\"lazy\" class=\"wp-image-177 alignleft\" src=\"http:\/\/bmxsanjuan.com.ar\/wordpress\/wp-content\/uploads\/2015\/09\/BOB-HARO-PADRINO-DEL-FREESTYLE-BMX.jpg\" alt=\"BOB HARO - PADRINO DEL FREESTYLE BMX\" width=\"95\" height=\"131\" srcset=\"https:\/\/bmxsanjuan.com.ar\/wordpress\/wp-content\/uploads\/2015\/09\/BOB-HARO-PADRINO-DEL-FREESTYLE-BMX.jpg 324w, https:\/\/bmxsanjuan.com.ar\/wordpress\/wp-content\/uploads\/2015\/09\/BOB-HARO-PADRINO-DEL-FREESTYLE-BMX-217x300.jpg 217w\" sizes=\"(max-width: 95px) 100vw, 95px\" \/>En 1980, se comenzaron a utilizar bicicletas especiales para pr\u00e1ctica de este deporte y donde se tuvieron en cuenta el dise\u00f1o y la resistencia necesaria para soportar las exigencias de esta pr\u00e1ctica.<\/strong><br \/>\n<strong>Fue tambi\u00e9n que en el comienzo de la d\u00e9cada del \u00b480, el piloto estadounidense de California, Bob Haro, se convierte en el primero en utilizar una bicicleta BMX en la disciplina llamada Skateparks, y tambi\u00e9n se convirti\u00f3 en el pionero del freestyle por lo que se denominaba \u201cThe Godfather of freestyle\u201d. De hecho Bob fue el creador de una de las primeras bicicletas dise\u00f1adas para la pr\u00e1ctica del freestyle, con la que cre\u00f3 una gran variedad de trucos.<\/strong><\/p>\n<p>&nbsp;<\/p>\n<div class=\"row\"> <div class=\"col-md-6\">\n<p style=\"text-align: center;\"><iframe  id=\"_ytid_31000\"  width=\"240\" height=\"240\"  data-origwidth=\"240\" data-origheight=\"240\" src=\"https:\/\/www.youtube.com\/embed\/0xZDS4jtuVY?enablejsapi=1&autoplay=0&cc_load_policy=0&cc_lang_pref=&iv_load_policy=1&loop=0&modestbranding=0&rel=1&fs=1&playsinline=0&autohide=2&theme=dark&color=red&controls=1&\" class=\"__youtube_prefs__  no-lazyload\" title=\"YouTube player\"  allow=\"accelerometer; autoplay; clipboard-write; encrypted-media; gyroscope; picture-in-picture\" allowfullscreen data-no-lazy=\"1\" data-skipgform_ajax_framebjll=\"\"><\/iframe>\n<\/div><div class=\"col-md-6\">\n<p style=\"text-align: center;\"><iframe  id=\"_ytid_78253\"  width=\"240\" height=\"240\"  data-origwidth=\"240\" data-origheight=\"240\" src=\"https:\/\/www.youtube.com\/embed\/6s9tIcknMKk?enablejsapi=1&autoplay=0&cc_load_policy=0&cc_lang_pref=&iv_load_policy=1&loop=0&modestbranding=0&rel=1&fs=1&playsinline=0&autohide=2&theme=dark&color=red&controls=1&\" class=\"__youtube_prefs__  no-lazyload\" title=\"YouTube player\"  allow=\"accelerometer; autoplay; clipboard-write; encrypted-media; gyroscope; picture-in-picture\" allowfullscreen data-no-lazy=\"1\" data-skipgform_ajax_framebjll=\"\"><\/iframe>\n<\/div><\/div>\n<p>&nbsp;<\/p>\n<p style=\"text-align: justify;\"><strong>En Abril de 1981, se fund\u00f3 la Federaci\u00f3n Internacional de BMX, y el primer campeonato del mundo se celebr\u00f3 en 1982.<\/strong><\/p>\n<p style=\"text-align: justify;\"><strong>En Enero de 1993, el BMX se integr\u00f3 dentro de la Uni\u00f3n Ciclista Internacional (UCI) que actualmente agrupa a m\u00e1s de 40 naciones.<\/strong><\/p>\n<p style=\"text-align: justify;\"><strong>En 2008, el BMX es considerado Deporte Ol\u00edmpico y debuta en los Juegos Ol\u00edmpicos de Beijing del mismo a\u00f1o en modalidad de contrarreloj y circuito (race).<\/strong><\/p>\n","protected":false},"excerpt":{"rendered":"<p>HISTORIA DEL BICICROSS \u2013 BMX (BICYCLE MOTO CROSS) &nbsp; Algunos escritos remontan los or\u00edgenes a \u201cun tipo de pruebas que ten\u00eda lugar al aire libre, el &#8220;ciclocross&#8221; (nacido en Francia a finales del siglo XIX y que deriva de los &hellip; <a href=\"https:\/\/bmxsanjuan.com.ar\/wordpress\/el-comienzo\/\">Continuar<\/a><\/p>\n","protected":false},"author":1,"featured_media":0,"parent":0,"menu_order":0,"comment_status":"closed","ping_status":"closed","template":"","meta":{"jetpack_post_was_ever_published":false},"jetpack_sharing_enabled":true,"jetpack_shortlink":"https:\/\/wp.me\/P7EmwP-2O","_links":{"self":[{"href":"https:\/\/bmxsanjuan.com.ar\/wordpress\/wp-json\/wp\/v2\/pages\/174"}],"collection":[{"href":"https:\/\/bmxsanjuan.com.ar\/wordpress\/wp-json\/wp\/v2\/pages"}],"about":[{"href":"https:\/\/bmxsanjuan.com.ar\/wordpress\/wp-json\/wp\/v2\/types\/page"}],"author":[{"embeddable":true,"href":"https:\/\/bmxsanjuan.com.ar\/wordpress\/wp-json\/wp\/v2\/users\/1"}],"replies":[{"embeddable":true,"href":"https:\/\/bmxsanjuan.com.ar\/wordpress\/wp-json\/wp\/v2\/comments?post=174"}],"version-history":[{"count":14,"href":"https:\/\/bmxsanjuan.com.ar\/wordpress\/wp-json\/wp\/v2\/pages\/174\/revisions"}],"predecessor-version":[{"id":330,"href":"https:\/\/bmxsanjuan.com.ar\/wordpress\/wp-json\/wp\/v2\/pages\/174\/revisions\/330"}],"wp:attachment":[{"href":"https:\/\/bmxsanjuan.com.ar\/wordpress\/wp-json\/wp\/v2\/media?parent=174"}],"curies":[{"name":"wp","href":"https:\/\/api.w.org\/{rel}","templated":true}]}}