{"id":10,"date":"2015-09-06T03:44:25","date_gmt":"2015-09-06T03:44:25","guid":{"rendered":"http:\/\/bmxsanjuan.com.ar\/wordpress\/?page_id=10"},"modified":"2015-12-12T22:45:58","modified_gmt":"2015-12-13T01:45:58","slug":"bmxpru","status":"publish","type":"page","link":"https:\/\/bmxsanjuan.com.ar\/wordpress\/bmxpru\/","title":{"rendered":"La Escuelita BMX"},"content":{"rendered":"<p style=\"text-align: justify;\"><img decoding=\"async\" loading=\"lazy\" class=\"size-full wp-image-62 aligncenter\" src=\"http:\/\/bmxsanjuan.com.ar\/wordpress\/wp-content\/uploads\/2015\/09\/DSC059103.jpg\" alt=\"DSC05910\" width=\"713\" height=\"401\" srcset=\"https:\/\/bmxsanjuan.com.ar\/wordpress\/wp-content\/uploads\/2015\/09\/DSC059103.jpg 713w, https:\/\/bmxsanjuan.com.ar\/wordpress\/wp-content\/uploads\/2015\/09\/DSC059103-300x169.jpg 300w\" sizes=\"(max-width: 713px) 100vw, 713px\" \/><\/p>\n<p style=\"text-align: justify;\">Simplemente es un motivo de orgullo, no solo para los que disfrutamos de la belleza m\u00e1gica de este deporte sino para todos aquellos que valoran el esfuerzo que hacen las personas e instituciones por nuestros ni\u00f1os y j\u00f3venes.<\/p>\n<p style=\"text-align: justify;\">Este es el esp\u00edritu que dio vida a la escuelita de BMX del Club Bicicross San Juan de Rawson cuando al comienzo del 2010, <strong>Mauricio Gelusini<\/strong> impulsado por algunos padres, comenz\u00f3 a entrenar a un peque\u00f1o grupo de chicos que con el tiempo fue creciendo hasta el d\u00eda de hoy que superan los 60 bikers.<\/p>\n<p style=\"text-align: justify;\">Mauricio, piloto de nivel internacional de BMX, se vio obligado a interrumpir su atenci\u00f3n a la escuelita para competir en torneos internacionales pero los chicos no quedaron abandonados, la posta la tomo <strong>Florencia<\/strong>, su hermana, que tambi\u00e9n es una piloto de gran nivel competitivo, a la que se sum\u00f3 <strong>Juan \u201cJuanchi\u201d Solera<\/strong> que compite en Elite &#8211; Men, la m\u00e1xima categor\u00eda del BMX.<\/p>\n<p style=\"text-align: justify;\">Actualmente los tres estrenan a los chicos en dos grupos y como era de esperarse, ante el \u201ctama\u00f1o\u201d deportivo de los instructores, la escuelita comenz\u00f3 a producir verdaderos campeones, que nos llenan de orgullo.<\/p>\n<p style=\"text-align: justify;\">Es una tarea exitosa, sin lugar a dudas. Hoy el BMX sanjuanino se cuenta entre los mejores del pa\u00eds. Nuestros pilotos (chicas y chicos), compiten en todas las categor\u00edas desde escuelita hasta Elite Men y en todos los torneos regionales, argentinos, latinoamericanos, mundiales, ol\u00edmpicos, etc., adem\u00e1s de formar parte del Seleccionado Argentino, y todo gracias a directivos, entrenadores, pilotos, padres, amigos y simpatizantes que componemos el Club Bicicross San Juan.<\/p>\n<p style=\"text-align: justify;\"><span style=\"color: #0000ff;\"><strong>ALGO PARA MEDITAR, APLAUDIR, Y\u2026\u2026 SOBRE TODO\u2026. PARA APOYAR<\/strong> <\/span><\/p>\n<p>&nbsp;<\/p>\n<p>&nbsp;<\/p>\n<p>&nbsp;<\/p>\n<p>&nbsp;<\/p>\n","protected":false},"excerpt":{"rendered":"<p>Simplemente es un motivo de orgullo, no solo para los que disfrutamos de la belleza m\u00e1gica de este deporte sino para todos aquellos que valoran el esfuerzo que hacen las personas e instituciones por nuestros ni\u00f1os y j\u00f3venes. Este es &hellip; <a href=\"https:\/\/bmxsanjuan.com.ar\/wordpress\/bmxpru\/\">Continuar<\/a><\/p>\n","protected":false},"author":1,"featured_media":0,"parent":0,"menu_order":0,"comment_status":"closed","ping_status":"closed","template":"","meta":{"jetpack_post_was_ever_published":false},"jetpack_sharing_enabled":true,"jetpack_shortlink":"https:\/\/wp.me\/P7EmwP-a","_links":{"self":[{"href":"https:\/\/bmxsanjuan.com.ar\/wordpress\/wp-json\/wp\/v2\/pages\/10"}],"collection":[{"href":"https:\/\/bmxsanjuan.com.ar\/wordpress\/wp-json\/wp\/v2\/pages"}],"about":[{"href":"https:\/\/bmxsanjuan.com.ar\/wordpress\/wp-json\/wp\/v2\/types\/page"}],"author":[{"embeddable":true,"href":"https:\/\/bmxsanjuan.com.ar\/wordpress\/wp-json\/wp\/v2\/users\/1"}],"replies":[{"embeddable":true,"href":"https:\/\/bmxsanjuan.com.ar\/wordpress\/wp-json\/wp\/v2\/comments?post=10"}],"version-history":[{"count":8,"href":"https:\/\/bmxsanjuan.com.ar\/wordpress\/wp-json\/wp\/v2\/pages\/10\/revisions"}],"predecessor-version":[{"id":722,"href":"https:\/\/bmxsanjuan.com.ar\/wordpress\/wp-json\/wp\/v2\/pages\/10\/revisions\/722"}],"wp:attachment":[{"href":"https:\/\/bmxsanjuan.com.ar\/wordpress\/wp-json\/wp\/v2\/media?parent=10"}],"curies":[{"name":"wp","href":"https:\/\/api.w.org\/{rel}","templated":true}]}}